{"id":2663,"date":"2021-01-07T19:07:30","date_gmt":"2021-01-07T19:07:30","guid":{"rendered":"https:\/\/iwk.de\/?page_id=2663"},"modified":"2021-03-24T16:11:57","modified_gmt":"2021-03-24T16:11:57","slug":"lautomatisation-cles-en-main","status":"publish","type":"page","link":"https:\/\/iwk.de\/fr\/conseil\/lautomatisation-cles-en-main\/","title":{"rendered":"L&rsquo;AUTOMATISATION CL\u00c9S EN MAIN"},"content":{"rendered":"<div class=\"home-main row\">\n<span><span><a href=\"https:\/\/iwk.de\/fr\/home-fr\/\">HOME<\/a><\/span><\/span><\/p>\n<h2>L\u2019automatisation cl\u00e9s en main : un aspect essentiel de votre installation<\/h2>\n<div class=\"col-sm-7 bodytext mt-4\">\n<p>L\u2019automatisation cl\u00e9s en main d\u2019IWK (Turn-Key Automation) fait appel \u00e0 notre expertise et \u00e0 notre exp\u00e9rience du secteur pour fournir des solutions d\u2019emballage et d\u2019automatisation aussi rapides et ambitieuses que possible. Nos experts associent leur exp\u00e9rience des techniques d\u2019emballage, leurs vastes connaissances techniques et une m\u00e9thode de r\u00e9alisation complexe pour concevoir et r\u00e9aliser des solutions d\u2019automatisation robustes, quel que soit le secteur. Notre vaste exp\u00e9rience englobe les comp\u00e9tences cl\u00e9s suivantes :<\/p>\n<\/div>\n<div class=\"col-sm-9\">\n<div class=\"slideshow-container\">\n<div class=\"mySlides fade\">\n  <img decoding=\"async\" src=\"https:\/\/iwk.de\/wp-content\/uploads\/sites\/22\/2021\/01\/retusche_1.jpg\" style=\"width:100%\">\n<\/div>\n<div class=\"mySlides fade\">\n  <img decoding=\"async\" src=\"https:\/\/iwk.de\/wp-content\/uploads\/sites\/22\/2021\/01\/retusche_2.jpg\" style=\"width:100%\">\n<\/div>\n<div class=\"mySlides fade\">\n  <img decoding=\"async\" src=\"https:\/\/iwk.de\/wp-content\/uploads\/sites\/22\/2021\/01\/retusche_3.jpg\" style=\"width:100%\">\n<\/div>\n<p><a class=\"prev\" onclick=\"plusSlides(-1)\">&#10094;<\/a><br \/>\n<a class=\"next\" onclick=\"plusSlides(1)\">&#10095;<\/a><\/p>\n<\/div>\n<\/div>\n<div class=\"list-style\">\n<ul>\n<li>Manipulation des mat\u00e9riaux<\/li>\n<li>\u00c9tiquetage<\/li>\n<li>Syst\u00e8mes d\u2019inspection<\/li>\n<li>Exigences relatives aux emballages primaires\/secondaires et tertiaires<\/li>\n<li>Syst\u00e8mes d\u2019information de gestion<\/li>\n<li>Maintenance pr\u00e9ventive<\/li>\n<li>Application des technologies de l\u2019industrie&nbsp;4.0<\/li>\n<\/ul>\n<\/div>\n<\/div>\n<div class=\"home-main row\">\n<p>Vous souhaitez en apprendre plus sur nos solutions con\u00e7ues sur mesure ? Notre \u00e9quipe d\u00e9di\u00e9e aux <a href=\"https:\/\/iwk.de\/fr\/produits-solutions\/turnkeylinien\" target=\"_blank\" rel=\"noopener\">lignes cl\u00e9s en main<\/a> se tient \u00e0 votre disposition pour de plus amples informations.<\/p>\n<p><a href=\"https:\/\/iwk.de\/fr\/conseil\/\" class=\"backLink\">RETOUR VERS \u201e CONSEIL \u201c<\/a>\n<\/div>\n","protected":false},"excerpt":{"rendered":"<p>L\u2019automatisation cl\u00e9s en main : un aspect essentiel de votre installation L\u2019automatisation cl\u00e9s en main d\u2019IWK (Turn-Key Automation) fait appel \u00e0 notre expertise et \u00e0 notre exp\u00e9rience du secteur pour fournir des solutions d\u2019emballage et d\u2019automatisation aussi rapides et ambitieuses que possible. Nos experts associent leur exp\u00e9rience des techniques d\u2019emballage, leurs vastes connaissances techniques et&#8230;<\/p>\n<div class=\"post-button\"><a href=\"https:\/\/iwk.de\/fr\/conseil\/lautomatisation-cles-en-main\/\">Read More<\/a><\/div>\n","protected":false},"author":63,"featured_media":2083,"parent":2639,"menu_order":0,"comment_status":"closed","ping_status":"closed","template":"","meta":{"inline_featured_image":false,"footnotes":""},"class_list":["post-2663","page","type-page","status-publish","has-post-thumbnail","hentry"],"yoast_head":"<!-- This site is optimized with the Yoast SEO Premium plugin v26.8 (Yoast SEO v26.8) - https:\/\/yoast.com\/product\/yoast-seo-premium-wordpress\/ -->\n<title>L&#039;AUTOMATISATION CL\u00c9S EN MAIN - Innovative And Customized Manufacturing Solutions<\/title>\n<meta name=\"robots\" content=\"index, follow, max-snippet:-1, max-image-preview:large, max-video-preview:-1\" \/>\n<link rel=\"canonical\" href=\"https:\/\/iwk.de\/fr\/conseil\/lautomatisation-cles-en-main\/\" \/>\n<meta property=\"og:locale\" content=\"fr_FR\" \/>\n<meta property=\"og:type\" content=\"article\" \/>\n<meta property=\"og:title\" content=\"L&#039;AUTOMATISATION CL\u00c9S EN MAIN\" \/>\n<meta property=\"og:description\" content=\"L\u2019automatisation cl\u00e9s en main : un aspect essentiel de votre installation L\u2019automatisation cl\u00e9s en main d\u2019IWK (Turn-Key Automation) fait appel \u00e0 notre expertise et \u00e0 notre exp\u00e9rience du secteur pour fournir des solutions d\u2019emballage et d\u2019automatisation aussi rapides et ambitieuses que possible. Nos experts associent leur exp\u00e9rience des techniques d\u2019emballage, leurs vastes connaissances techniques et...Read More\" \/>\n<meta property=\"og:url\" content=\"https:\/\/iwk.de\/fr\/conseil\/lautomatisation-cles-en-main\/\" \/>\n<meta property=\"og:site_name\" content=\"Innovative And Customized Manufacturing Solutions\" \/>\n<meta property=\"article:modified_time\" content=\"2021-03-24T16:11:57+00:00\" \/>\n<meta property=\"og:image\" content=\"https:\/\/iwk.de\/wp-content\/uploads\/sites\/22\/2021\/01\/consulting.jpg\" \/>\n\t<meta property=\"og:image:width\" content=\"1899\" \/>\n\t<meta property=\"og:image:height\" content=\"724\" \/>\n\t<meta property=\"og:image:type\" content=\"image\/jpeg\" \/>\n<meta name=\"twitter:card\" content=\"summary_large_image\" \/>\n<meta name=\"twitter:label1\" content=\"Dur\u00e9e de lecture estim\u00e9e\" \/>\n\t<meta name=\"twitter:data1\" content=\"1 minute\" \/>\n<script type=\"application\/ld+json\" class=\"yoast-schema-graph\">{\"@context\":\"https:\/\/schema.org\",\"@graph\":[{\"@type\":\"WebPage\",\"@id\":\"https:\/\/iwk.de\/fr\/conseil\/lautomatisation-cles-en-main\/\",\"url\":\"https:\/\/iwk.de\/fr\/conseil\/lautomatisation-cles-en-main\/\",\"name\":\"L'AUTOMATISATION CL\u00c9S EN MAIN - Innovative And Customized Manufacturing Solutions\",\"isPartOf\":{\"@id\":\"https:\/\/iwk.de\/#website\"},\"primaryImageOfPage\":{\"@id\":\"https:\/\/iwk.de\/fr\/conseil\/lautomatisation-cles-en-main\/#primaryimage\"},\"image\":{\"@id\":\"https:\/\/iwk.de\/fr\/conseil\/lautomatisation-cles-en-main\/#primaryimage\"},\"thumbnailUrl\":\"https:\/\/iwk.de\/wp-content\/uploads\/sites\/22\/2021\/01\/consulting.jpg\",\"datePublished\":\"2021-01-07T19:07:30+00:00\",\"dateModified\":\"2021-03-24T16:11:57+00:00\",\"breadcrumb\":{\"@id\":\"https:\/\/iwk.de\/fr\/conseil\/lautomatisation-cles-en-main\/#breadcrumb\"},\"inLanguage\":\"fr-FR\",\"potentialAction\":[{\"@type\":\"ReadAction\",\"target\":[\"https:\/\/iwk.de\/fr\/conseil\/lautomatisation-cles-en-main\/\"]}]},{\"@type\":\"ImageObject\",\"inLanguage\":\"fr-FR\",\"@id\":\"https:\/\/iwk.de\/fr\/conseil\/lautomatisation-cles-en-main\/#primaryimage\",\"url\":\"https:\/\/iwk.de\/wp-content\/uploads\/sites\/22\/2021\/01\/consulting.jpg\",\"contentUrl\":\"https:\/\/iwk.de\/wp-content\/uploads\/sites\/22\/2021\/01\/consulting.jpg\",\"width\":1899,\"height\":724},{\"@type\":\"BreadcrumbList\",\"@id\":\"https:\/\/iwk.de\/fr\/conseil\/lautomatisation-cles-en-main\/#breadcrumb\",\"itemListElement\":[{\"@type\":\"ListItem\",\"position\":1,\"name\":\"HOME\",\"item\":\"https:\/\/iwk.de\/fr\/home-fr\/\"},{\"@type\":\"ListItem\",\"position\":2,\"name\":\"CONSEIL\",\"item\":\"https:\/\/iwk.de\/fr\/conseil\/\"},{\"@type\":\"ListItem\",\"position\":3,\"name\":\"L&#8217;AUTOMATISATION CL\u00c9S EN MAIN\"}]},{\"@type\":\"WebSite\",\"@id\":\"https:\/\/iwk.de\/#website\",\"url\":\"https:\/\/iwk.de\/\",\"name\":\"Innovative And Customized Manufacturing Solutions\",\"description\":\"\",\"publisher\":{\"@id\":\"https:\/\/iwk.de\/#organization\"},\"potentialAction\":[{\"@type\":\"SearchAction\",\"target\":{\"@type\":\"EntryPoint\",\"urlTemplate\":\"https:\/\/iwk.de\/?s={search_term_string}\"},\"query-input\":{\"@type\":\"PropertyValueSpecification\",\"valueRequired\":true,\"valueName\":\"search_term_string\"}}],\"inLanguage\":\"fr-FR\"},{\"@type\":\"Organization\",\"@id\":\"https:\/\/iwk.de\/#organization\",\"name\":\"Innovative And Customized Manufacturing Solutions\",\"url\":\"https:\/\/iwk.de\/\",\"logo\":{\"@type\":\"ImageObject\",\"inLanguage\":\"fr-FR\",\"@id\":\"https:\/\/iwk.de\/#\/schema\/logo\/image\/\",\"url\":\"https:\/\/iwk.de\/wp-content\/uploads\/sites\/22\/2023\/02\/LOGO_IWK_4c_Size_2.png\",\"contentUrl\":\"https:\/\/iwk.de\/wp-content\/uploads\/sites\/22\/2023\/02\/LOGO_IWK_4c_Size_2.png\",\"width\":238,\"height\":137,\"caption\":\"Innovative And Customized Manufacturing Solutions\"},\"image\":{\"@id\":\"https:\/\/iwk.de\/#\/schema\/logo\/image\/\"}}]}<\/script>\n<!-- \/ Yoast SEO Premium plugin. -->","yoast_head_json":{"title":"L'AUTOMATISATION CL\u00c9S EN MAIN - Innovative And Customized Manufacturing Solutions","robots":{"index":"index","follow":"follow","max-snippet":"max-snippet:-1","max-image-preview":"max-image-preview:large","max-video-preview":"max-video-preview:-1"},"canonical":"https:\/\/iwk.de\/fr\/conseil\/lautomatisation-cles-en-main\/","og_locale":"fr_FR","og_type":"article","og_title":"L'AUTOMATISATION CL\u00c9S EN MAIN","og_description":"L\u2019automatisation cl\u00e9s en main : un aspect essentiel de votre installation L\u2019automatisation cl\u00e9s en main d\u2019IWK (Turn-Key Automation) fait appel \u00e0 notre expertise et \u00e0 notre exp\u00e9rience du secteur pour fournir des solutions d\u2019emballage et d\u2019automatisation aussi rapides et ambitieuses que possible. Nos experts associent leur exp\u00e9rience des techniques d\u2019emballage, leurs vastes connaissances techniques et...Read More","og_url":"https:\/\/iwk.de\/fr\/conseil\/lautomatisation-cles-en-main\/","og_site_name":"Innovative And Customized Manufacturing Solutions","article_modified_time":"2021-03-24T16:11:57+00:00","og_image":[{"width":1899,"height":724,"url":"https:\/\/iwk.de\/wp-content\/uploads\/sites\/22\/2021\/01\/consulting.jpg","type":"image\/jpeg"}],"twitter_card":"summary_large_image","twitter_misc":{"Dur\u00e9e de lecture estim\u00e9e":"1 minute"},"schema":{"@context":"https:\/\/schema.org","@graph":[{"@type":"WebPage","@id":"https:\/\/iwk.de\/fr\/conseil\/lautomatisation-cles-en-main\/","url":"https:\/\/iwk.de\/fr\/conseil\/lautomatisation-cles-en-main\/","name":"L'AUTOMATISATION CL\u00c9S EN MAIN - Innovative And Customized Manufacturing Solutions","isPartOf":{"@id":"https:\/\/iwk.de\/#website"},"primaryImageOfPage":{"@id":"https:\/\/iwk.de\/fr\/conseil\/lautomatisation-cles-en-main\/#primaryimage"},"image":{"@id":"https:\/\/iwk.de\/fr\/conseil\/lautomatisation-cles-en-main\/#primaryimage"},"thumbnailUrl":"https:\/\/iwk.de\/wp-content\/uploads\/sites\/22\/2021\/01\/consulting.jpg","datePublished":"2021-01-07T19:07:30+00:00","dateModified":"2021-03-24T16:11:57+00:00","breadcrumb":{"@id":"https:\/\/iwk.de\/fr\/conseil\/lautomatisation-cles-en-main\/#breadcrumb"},"inLanguage":"fr-FR","potentialAction":[{"@type":"ReadAction","target":["https:\/\/iwk.de\/fr\/conseil\/lautomatisation-cles-en-main\/"]}]},{"@type":"ImageObject","inLanguage":"fr-FR","@id":"https:\/\/iwk.de\/fr\/conseil\/lautomatisation-cles-en-main\/#primaryimage","url":"https:\/\/iwk.de\/wp-content\/uploads\/sites\/22\/2021\/01\/consulting.jpg","contentUrl":"https:\/\/iwk.de\/wp-content\/uploads\/sites\/22\/2021\/01\/consulting.jpg","width":1899,"height":724},{"@type":"BreadcrumbList","@id":"https:\/\/iwk.de\/fr\/conseil\/lautomatisation-cles-en-main\/#breadcrumb","itemListElement":[{"@type":"ListItem","position":1,"name":"HOME","item":"https:\/\/iwk.de\/fr\/home-fr\/"},{"@type":"ListItem","position":2,"name":"CONSEIL","item":"https:\/\/iwk.de\/fr\/conseil\/"},{"@type":"ListItem","position":3,"name":"L&#8217;AUTOMATISATION CL\u00c9S EN MAIN"}]},{"@type":"WebSite","@id":"https:\/\/iwk.de\/#website","url":"https:\/\/iwk.de\/","name":"Innovative And Customized Manufacturing Solutions","description":"","publisher":{"@id":"https:\/\/iwk.de\/#organization"},"potentialAction":[{"@type":"SearchAction","target":{"@type":"EntryPoint","urlTemplate":"https:\/\/iwk.de\/?s={search_term_string}"},"query-input":{"@type":"PropertyValueSpecification","valueRequired":true,"valueName":"search_term_string"}}],"inLanguage":"fr-FR"},{"@type":"Organization","@id":"https:\/\/iwk.de\/#organization","name":"Innovative And Customized Manufacturing Solutions","url":"https:\/\/iwk.de\/","logo":{"@type":"ImageObject","inLanguage":"fr-FR","@id":"https:\/\/iwk.de\/#\/schema\/logo\/image\/","url":"https:\/\/iwk.de\/wp-content\/uploads\/sites\/22\/2023\/02\/LOGO_IWK_4c_Size_2.png","contentUrl":"https:\/\/iwk.de\/wp-content\/uploads\/sites\/22\/2023\/02\/LOGO_IWK_4c_Size_2.png","width":238,"height":137,"caption":"Innovative And Customized Manufacturing Solutions"},"image":{"@id":"https:\/\/iwk.de\/#\/schema\/logo\/image\/"}}]}},"jetpack_sharing_enabled":true,"_links":{"self":[{"href":"https:\/\/iwk.de\/fr\/wp-json\/wp\/v2\/pages\/2663","targetHints":{"allow":["GET"]}}],"collection":[{"href":"https:\/\/iwk.de\/fr\/wp-json\/wp\/v2\/pages"}],"about":[{"href":"https:\/\/iwk.de\/fr\/wp-json\/wp\/v2\/types\/page"}],"author":[{"embeddable":true,"href":"https:\/\/iwk.de\/fr\/wp-json\/wp\/v2\/users\/63"}],"replies":[{"embeddable":true,"href":"https:\/\/iwk.de\/fr\/wp-json\/wp\/v2\/comments?post=2663"}],"version-history":[{"count":6,"href":"https:\/\/iwk.de\/fr\/wp-json\/wp\/v2\/pages\/2663\/revisions"}],"predecessor-version":[{"id":6240,"href":"https:\/\/iwk.de\/fr\/wp-json\/wp\/v2\/pages\/2663\/revisions\/6240"}],"up":[{"embeddable":true,"href":"https:\/\/iwk.de\/fr\/wp-json\/wp\/v2\/pages\/2639"}],"wp:featuredmedia":[{"embeddable":true,"href":"https:\/\/iwk.de\/fr\/wp-json\/wp\/v2\/media\/2083"}],"wp:attachment":[{"href":"https:\/\/iwk.de\/fr\/wp-json\/wp\/v2\/media?parent=2663"}],"curies":[{"name":"wp","href":"https:\/\/api.w.org\/{rel}","templated":true}]}}