{"id":2986,"date":"2021-01-15T12:06:49","date_gmt":"2021-01-15T12:06:49","guid":{"rendered":"https:\/\/iwk.de\/?page_id=2986"},"modified":"2021-03-17T14:45:29","modified_gmt":"2021-03-17T14:45:29","slug":"systeme-dalimentation-en-tubes-semi-automatique-tzm-jusqua-120-tubes-min","status":"publish","type":"page","link":"https:\/\/iwk.de\/fr\/produits-et-solutions\/machines\/systeme-dalimentation-en-tubes-semi-automatique-tzm-jusqua-120-tubes-min\/","title":{"rendered":"Syst\u00e8me d\u2019alimentation en tubes semi-automatique TZM (jusqu\u2019\u00e0 120 tubes\/min)"},"content":{"rendered":"<div class=\"home-main row\"><span><span><a href=\"https:\/\/iwk.de\/fr\/home-fr\/\">HOME<\/a><\/span><\/span><\/p>\n<h2>Syst\u00e8me d\u2019alimentation en tubes semi-automatique TZM <br \/>(jusqu\u2019\u00e0 120 tubes\/min)<\/h2>\n<p>Les remplisseuses de tubes IWK peuvent \u00eatre compl\u00e9t\u00e9es par des syst\u00e8mes d\u2019alimentation en tubes modulaires. Cela permet d\u2019accro\u00eetre consid\u00e9rablement la performance des machines tout en se conformant aux exigences de plus en plus strictes du march\u00e9 en mati\u00e8re de processus et d\u2019emballage.<\/p>\n<div class=\"advantages\">\n<div class=\"col-sm-7 bodytext mt-4\">\n<p><strong>Syst\u00e8me d\u2019alimentation en tubes TZM:<\/strong><br \/> R\u00e9servoir temporaire pour un fonctionnement ininterrompu de la remplisseuse de tubes. Jusqu\u2019\u00e0 120 tubes\/min.<\/p>\n<\/div>\n<div class=\"col-sm-9\">\n<div class=\"slideshow-container\">\n<div class=\"mySlides fade\">\n  <img decoding=\"async\" src=\"https:\/\/iwk.de\/wp-content\/uploads\/sites\/22\/2021\/01\/TZM_2.jpg\" style=\"width:100%\">\n<\/div>\n<\/div>\n<\/div>\n<\/div>\n<\/div>\n<section class=\"techData\">\n<div class=\"home-main row\">\n<h3>DONN\u00c9ES TECHNIQUES<\/h3>\n<table class=\"table\">\n<thead>\n<tr>\n<th>TYPE<\/th>\n<th>TZM<\/th>\n<\/tr>\n<\/thead>\n<tbody>\n<tr>\n<td>Cadence max. (tubes\/min)<\/td>\n<td>120<\/td>\n<\/tr>\n<tr>\n<td>Diam\u00e8tre de tube (mm)<\/td>\n<td>13,5-40<\/td>\n<\/tr>\n<tr>\n<td>Longueur de tube totale (mm)td&gt;<\/p>\n<td>60-230<\/td>\n<\/tr>\n<tr>\n<td>Dimensions de carton max. LxBxH (mm)<\/td>\n<td>595x395x230<\/td>\n<\/tr>\n<\/tbody>\n<\/table>\n<\/div>\n<\/section>\n<div class=\"home-main row\">\n<a href=\"https:\/\/iwk.de\/fr\/machines\/\" class=\"backLink\">  RETOUR <\/a>\n<\/div>\n","protected":false},"excerpt":{"rendered":"<p>Syst\u00e8me d\u2019alimentation en tubes semi-automatique TZM (jusqu\u2019\u00e0 120 tubes\/min) Les remplisseuses de tubes IWK peuvent \u00eatre compl\u00e9t\u00e9es par des syst\u00e8mes d\u2019alimentation en tubes modulaires. Cela permet d\u2019accro\u00eetre consid\u00e9rablement la performance des machines tout en se conformant aux exigences de plus en plus strictes du march\u00e9 en mati\u00e8re de processus et d\u2019emballage. Syst\u00e8me d\u2019alimentation en tubes&#8230;<\/p>\n<div class=\"post-button\"><a href=\"https:\/\/iwk.de\/fr\/produits-et-solutions\/machines\/systeme-dalimentation-en-tubes-semi-automatique-tzm-jusqua-120-tubes-min\/\">Read More<\/a><\/div>\n","protected":false},"author":63,"featured_media":2307,"parent":2982,"menu_order":0,"comment_status":"closed","ping_status":"closed","template":"page-templates\/landing-page.php","meta":{"inline_featured_image":false,"footnotes":""},"class_list":["post-2986","page","type-page","status-publish","has-post-thumbnail","hentry"],"yoast_head":"<!-- This site is optimized with the Yoast SEO Premium plugin v26.8 (Yoast SEO v26.8) - https:\/\/yoast.com\/product\/yoast-seo-premium-wordpress\/ -->\n<title>Syst\u00e8me d\u2019alimentation en tubes semi-automatique TZM (jusqu\u2019\u00e0 120 tubes\/min) - Innovative And Customized Manufacturing Solutions<\/title>\n<meta name=\"robots\" content=\"index, follow, max-snippet:-1, max-image-preview:large, max-video-preview:-1\" \/>\n<link rel=\"canonical\" href=\"https:\/\/iwk.de\/produkte-loesungen\/maschinen\/halbautomatisches-tubenzufuehrsystem-tzm-bis-zu-120-tuben-min\/\" \/>\n<meta property=\"og:locale\" content=\"fr_FR\" \/>\n<meta property=\"og:type\" content=\"article\" \/>\n<meta property=\"og:title\" content=\"Syst\u00e8me d\u2019alimentation en tubes semi-automatique TZM (jusqu\u2019\u00e0 120 tubes\/min)\" \/>\n<meta property=\"og:description\" content=\"Syst\u00e8me d\u2019alimentation en tubes semi-automatique TZM (jusqu\u2019\u00e0 120 tubes\/min) Les remplisseuses de tubes IWK peuvent \u00eatre compl\u00e9t\u00e9es par des syst\u00e8mes d\u2019alimentation en tubes modulaires. Cela permet d\u2019accro\u00eetre consid\u00e9rablement la performance des machines tout en se conformant aux exigences de plus en plus strictes du march\u00e9 en mati\u00e8re de processus et d\u2019emballage. Syst\u00e8me d\u2019alimentation en tubes...Read More\" \/>\n<meta property=\"og:url\" content=\"https:\/\/iwk.de\/produkte-loesungen\/maschinen\/halbautomatisches-tubenzufuehrsystem-tzm-bis-zu-120-tuben-min\/\" \/>\n<meta property=\"og:site_name\" content=\"Innovative And Customized Manufacturing Solutions\" \/>\n<meta property=\"article:modified_time\" content=\"2021-03-17T14:45:29+00:00\" \/>\n<meta property=\"og:image\" content=\"https:\/\/iwk.de\/wp-content\/uploads\/sites\/22\/2021\/01\/machine.jpg\" \/>\n\t<meta property=\"og:image:width\" content=\"1895\" \/>\n\t<meta property=\"og:image:height\" content=\"727\" \/>\n\t<meta property=\"og:image:type\" content=\"image\/jpeg\" \/>\n<meta name=\"twitter:card\" content=\"summary_large_image\" \/>\n<meta name=\"twitter:label1\" content=\"Dur\u00e9e de lecture estim\u00e9e\" \/>\n\t<meta name=\"twitter:data1\" content=\"1 minute\" \/>\n<script type=\"application\/ld+json\" class=\"yoast-schema-graph\">{\"@context\":\"https:\/\/schema.org\",\"@graph\":[{\"@type\":\"WebPage\",\"@id\":\"https:\/\/iwk.de\/produkte-loesungen\/maschinen\/halbautomatisches-tubenzufuehrsystem-tzm-bis-zu-120-tuben-min\/\",\"url\":\"https:\/\/iwk.de\/produkte-loesungen\/maschinen\/halbautomatisches-tubenzufuehrsystem-tzm-bis-zu-120-tuben-min\/\",\"name\":\"Syst\u00e8me d\u2019alimentation en tubes semi-automatique TZM (jusqu\u2019\u00e0 120 tubes\/min) - Innovative And Customized Manufacturing Solutions\",\"isPartOf\":{\"@id\":\"https:\/\/iwk.de\/#website\"},\"primaryImageOfPage\":{\"@id\":\"https:\/\/iwk.de\/produkte-loesungen\/maschinen\/halbautomatisches-tubenzufuehrsystem-tzm-bis-zu-120-tuben-min\/#primaryimage\"},\"image\":{\"@id\":\"https:\/\/iwk.de\/produkte-loesungen\/maschinen\/halbautomatisches-tubenzufuehrsystem-tzm-bis-zu-120-tuben-min\/#primaryimage\"},\"thumbnailUrl\":\"https:\/\/iwk.de\/wp-content\/uploads\/sites\/22\/2021\/01\/machine.jpg\",\"datePublished\":\"2021-01-15T12:06:49+00:00\",\"dateModified\":\"2021-03-17T14:45:29+00:00\",\"breadcrumb\":{\"@id\":\"https:\/\/iwk.de\/produkte-loesungen\/maschinen\/halbautomatisches-tubenzufuehrsystem-tzm-bis-zu-120-tuben-min\/#breadcrumb\"},\"inLanguage\":\"fr-FR\",\"potentialAction\":[{\"@type\":\"ReadAction\",\"target\":[\"https:\/\/iwk.de\/produkte-loesungen\/maschinen\/halbautomatisches-tubenzufuehrsystem-tzm-bis-zu-120-tuben-min\/\"]}]},{\"@type\":\"ImageObject\",\"inLanguage\":\"fr-FR\",\"@id\":\"https:\/\/iwk.de\/produkte-loesungen\/maschinen\/halbautomatisches-tubenzufuehrsystem-tzm-bis-zu-120-tuben-min\/#primaryimage\",\"url\":\"https:\/\/iwk.de\/wp-content\/uploads\/sites\/22\/2021\/01\/machine.jpg\",\"contentUrl\":\"https:\/\/iwk.de\/wp-content\/uploads\/sites\/22\/2021\/01\/machine.jpg\",\"width\":1895,\"height\":727},{\"@type\":\"BreadcrumbList\",\"@id\":\"https:\/\/iwk.de\/produkte-loesungen\/maschinen\/halbautomatisches-tubenzufuehrsystem-tzm-bis-zu-120-tuben-min\/#breadcrumb\",\"itemListElement\":[{\"@type\":\"ListItem\",\"position\":1,\"name\":\"HOME\",\"item\":\"https:\/\/iwk.de\/fr\/home-fr\/\"},{\"@type\":\"ListItem\",\"position\":2,\"name\":\"PRODUITS ET SOLUTIONS\",\"item\":\"https:\/\/iwk.de\/fr\/produits-et-solutions\/\"},{\"@type\":\"ListItem\",\"position\":3,\"name\":\"MACHINES\",\"item\":\"https:\/\/iwk.de\/fr\/produits-et-solutions\/machines\/\"},{\"@type\":\"ListItem\",\"position\":4,\"name\":\"Syst\u00e8me d\u2019alimentation en tubes semi-automatique TZM (jusqu\u2019\u00e0 120 tubes\/min)\"}]},{\"@type\":\"WebSite\",\"@id\":\"https:\/\/iwk.de\/#website\",\"url\":\"https:\/\/iwk.de\/\",\"name\":\"Innovative And Customized Manufacturing Solutions\",\"description\":\"\",\"publisher\":{\"@id\":\"https:\/\/iwk.de\/#organization\"},\"potentialAction\":[{\"@type\":\"SearchAction\",\"target\":{\"@type\":\"EntryPoint\",\"urlTemplate\":\"https:\/\/iwk.de\/?s={search_term_string}\"},\"query-input\":{\"@type\":\"PropertyValueSpecification\",\"valueRequired\":true,\"valueName\":\"search_term_string\"}}],\"inLanguage\":\"fr-FR\"},{\"@type\":\"Organization\",\"@id\":\"https:\/\/iwk.de\/#organization\",\"name\":\"Innovative And Customized Manufacturing Solutions\",\"url\":\"https:\/\/iwk.de\/\",\"logo\":{\"@type\":\"ImageObject\",\"inLanguage\":\"fr-FR\",\"@id\":\"https:\/\/iwk.de\/#\/schema\/logo\/image\/\",\"url\":\"https:\/\/iwk.de\/wp-content\/uploads\/sites\/22\/2023\/02\/LOGO_IWK_4c_Size_2.png\",\"contentUrl\":\"https:\/\/iwk.de\/wp-content\/uploads\/sites\/22\/2023\/02\/LOGO_IWK_4c_Size_2.png\",\"width\":238,\"height\":137,\"caption\":\"Innovative And Customized Manufacturing Solutions\"},\"image\":{\"@id\":\"https:\/\/iwk.de\/#\/schema\/logo\/image\/\"}}]}<\/script>\n<!-- \/ Yoast SEO Premium plugin. -->","yoast_head_json":{"title":"Syst\u00e8me d\u2019alimentation en tubes semi-automatique TZM (jusqu\u2019\u00e0 120 tubes\/min) - Innovative And Customized Manufacturing Solutions","robots":{"index":"index","follow":"follow","max-snippet":"max-snippet:-1","max-image-preview":"max-image-preview:large","max-video-preview":"max-video-preview:-1"},"canonical":"https:\/\/iwk.de\/produkte-loesungen\/maschinen\/halbautomatisches-tubenzufuehrsystem-tzm-bis-zu-120-tuben-min\/","og_locale":"fr_FR","og_type":"article","og_title":"Syst\u00e8me d\u2019alimentation en tubes semi-automatique TZM (jusqu\u2019\u00e0 120 tubes\/min)","og_description":"Syst\u00e8me d\u2019alimentation en tubes semi-automatique TZM (jusqu\u2019\u00e0 120 tubes\/min) Les remplisseuses de tubes IWK peuvent \u00eatre compl\u00e9t\u00e9es par des syst\u00e8mes d\u2019alimentation en tubes modulaires. Cela permet d\u2019accro\u00eetre consid\u00e9rablement la performance des machines tout en se conformant aux exigences de plus en plus strictes du march\u00e9 en mati\u00e8re de processus et d\u2019emballage. Syst\u00e8me d\u2019alimentation en tubes...Read More","og_url":"https:\/\/iwk.de\/produkte-loesungen\/maschinen\/halbautomatisches-tubenzufuehrsystem-tzm-bis-zu-120-tuben-min\/","og_site_name":"Innovative And Customized Manufacturing Solutions","article_modified_time":"2021-03-17T14:45:29+00:00","og_image":[{"width":1895,"height":727,"url":"https:\/\/iwk.de\/wp-content\/uploads\/sites\/22\/2021\/01\/machine.jpg","type":"image\/jpeg"}],"twitter_card":"summary_large_image","twitter_misc":{"Dur\u00e9e de lecture estim\u00e9e":"1 minute"},"schema":{"@context":"https:\/\/schema.org","@graph":[{"@type":"WebPage","@id":"https:\/\/iwk.de\/produkte-loesungen\/maschinen\/halbautomatisches-tubenzufuehrsystem-tzm-bis-zu-120-tuben-min\/","url":"https:\/\/iwk.de\/produkte-loesungen\/maschinen\/halbautomatisches-tubenzufuehrsystem-tzm-bis-zu-120-tuben-min\/","name":"Syst\u00e8me d\u2019alimentation en tubes semi-automatique TZM (jusqu\u2019\u00e0 120 tubes\/min) - Innovative And Customized Manufacturing Solutions","isPartOf":{"@id":"https:\/\/iwk.de\/#website"},"primaryImageOfPage":{"@id":"https:\/\/iwk.de\/produkte-loesungen\/maschinen\/halbautomatisches-tubenzufuehrsystem-tzm-bis-zu-120-tuben-min\/#primaryimage"},"image":{"@id":"https:\/\/iwk.de\/produkte-loesungen\/maschinen\/halbautomatisches-tubenzufuehrsystem-tzm-bis-zu-120-tuben-min\/#primaryimage"},"thumbnailUrl":"https:\/\/iwk.de\/wp-content\/uploads\/sites\/22\/2021\/01\/machine.jpg","datePublished":"2021-01-15T12:06:49+00:00","dateModified":"2021-03-17T14:45:29+00:00","breadcrumb":{"@id":"https:\/\/iwk.de\/produkte-loesungen\/maschinen\/halbautomatisches-tubenzufuehrsystem-tzm-bis-zu-120-tuben-min\/#breadcrumb"},"inLanguage":"fr-FR","potentialAction":[{"@type":"ReadAction","target":["https:\/\/iwk.de\/produkte-loesungen\/maschinen\/halbautomatisches-tubenzufuehrsystem-tzm-bis-zu-120-tuben-min\/"]}]},{"@type":"ImageObject","inLanguage":"fr-FR","@id":"https:\/\/iwk.de\/produkte-loesungen\/maschinen\/halbautomatisches-tubenzufuehrsystem-tzm-bis-zu-120-tuben-min\/#primaryimage","url":"https:\/\/iwk.de\/wp-content\/uploads\/sites\/22\/2021\/01\/machine.jpg","contentUrl":"https:\/\/iwk.de\/wp-content\/uploads\/sites\/22\/2021\/01\/machine.jpg","width":1895,"height":727},{"@type":"BreadcrumbList","@id":"https:\/\/iwk.de\/produkte-loesungen\/maschinen\/halbautomatisches-tubenzufuehrsystem-tzm-bis-zu-120-tuben-min\/#breadcrumb","itemListElement":[{"@type":"ListItem","position":1,"name":"HOME","item":"https:\/\/iwk.de\/fr\/home-fr\/"},{"@type":"ListItem","position":2,"name":"PRODUITS ET SOLUTIONS","item":"https:\/\/iwk.de\/fr\/produits-et-solutions\/"},{"@type":"ListItem","position":3,"name":"MACHINES","item":"https:\/\/iwk.de\/fr\/produits-et-solutions\/machines\/"},{"@type":"ListItem","position":4,"name":"Syst\u00e8me d\u2019alimentation en tubes semi-automatique TZM (jusqu\u2019\u00e0 120 tubes\/min)"}]},{"@type":"WebSite","@id":"https:\/\/iwk.de\/#website","url":"https:\/\/iwk.de\/","name":"Innovative And Customized Manufacturing Solutions","description":"","publisher":{"@id":"https:\/\/iwk.de\/#organization"},"potentialAction":[{"@type":"SearchAction","target":{"@type":"EntryPoint","urlTemplate":"https:\/\/iwk.de\/?s={search_term_string}"},"query-input":{"@type":"PropertyValueSpecification","valueRequired":true,"valueName":"search_term_string"}}],"inLanguage":"fr-FR"},{"@type":"Organization","@id":"https:\/\/iwk.de\/#organization","name":"Innovative And Customized Manufacturing Solutions","url":"https:\/\/iwk.de\/","logo":{"@type":"ImageObject","inLanguage":"fr-FR","@id":"https:\/\/iwk.de\/#\/schema\/logo\/image\/","url":"https:\/\/iwk.de\/wp-content\/uploads\/sites\/22\/2023\/02\/LOGO_IWK_4c_Size_2.png","contentUrl":"https:\/\/iwk.de\/wp-content\/uploads\/sites\/22\/2023\/02\/LOGO_IWK_4c_Size_2.png","width":238,"height":137,"caption":"Innovative And Customized Manufacturing Solutions"},"image":{"@id":"https:\/\/iwk.de\/#\/schema\/logo\/image\/"}}]}},"jetpack_sharing_enabled":true,"_links":{"self":[{"href":"https:\/\/iwk.de\/fr\/wp-json\/wp\/v2\/pages\/2986","targetHints":{"allow":["GET"]}}],"collection":[{"href":"https:\/\/iwk.de\/fr\/wp-json\/wp\/v2\/pages"}],"about":[{"href":"https:\/\/iwk.de\/fr\/wp-json\/wp\/v2\/types\/page"}],"author":[{"embeddable":true,"href":"https:\/\/iwk.de\/fr\/wp-json\/wp\/v2\/users\/63"}],"replies":[{"embeddable":true,"href":"https:\/\/iwk.de\/fr\/wp-json\/wp\/v2\/comments?post=2986"}],"version-history":[{"count":4,"href":"https:\/\/iwk.de\/fr\/wp-json\/wp\/v2\/pages\/2986\/revisions"}],"predecessor-version":[{"id":5865,"href":"https:\/\/iwk.de\/fr\/wp-json\/wp\/v2\/pages\/2986\/revisions\/5865"}],"up":[{"embeddable":true,"href":"https:\/\/iwk.de\/fr\/wp-json\/wp\/v2\/pages\/2982"}],"wp:featuredmedia":[{"embeddable":true,"href":"https:\/\/iwk.de\/fr\/wp-json\/wp\/v2\/media\/2307"}],"wp:attachment":[{"href":"https:\/\/iwk.de\/fr\/wp-json\/wp\/v2\/media?parent=2986"}],"curies":[{"name":"wp","href":"https:\/\/api.w.org\/{rel}","templated":true}]}}