{"id":3136,"date":"2021-01-18T10:47:14","date_gmt":"2021-01-18T10:47:14","guid":{"rendered":"https:\/\/iwk.de\/?page_id=3136"},"modified":"2021-03-17T15:34:42","modified_gmt":"2021-03-17T15:34:42","slug":"remplisseuse-de-tubes-fp-34-2-46-2-jusqua-220-tubes-min","status":"publish","type":"page","link":"https:\/\/iwk.de\/fr\/produits-et-solutions\/machines\/remplisseuse-de-tubes-fp-34-2-46-2-jusqua-220-tubes-min\/","title":{"rendered":"Remplisseuse de tubes FP 34-2\/46-2 (jusqu\u2019\u00e0 220 tubes\/min)"},"content":{"rendered":"<div class=\"home-main row\"><span><span><a href=\"https:\/\/iwk.de\/fr\/home-fr\/\">HOME<\/a><\/span><\/span><\/p>\n<h2>Remplisseuse de tubes FP 34-2\/46-2<br \/>\n(jusqu\u2019\u00e0 220 tubes\/min)<\/h2>\n<p>La flexibilit\u00e9, les performances et l\u2019ergonomie ont constitu\u00e9 des crit\u00e8res de d\u00e9veloppement essentiels pour la nouvelle gamme de remplisseuses de tubes FP d\u2019IWK. Comme toutes les machines d\u2019IWK Verpackungstechnik GmbH, cette g\u00e9n\u00e9ration de remplisseuses de tubes se caract\u00e9rise par sa pr\u00e9cision, une technologie de commande et d\u2019entra\u00eenement \u00e0 la pointe de la technologie, ainsi qu\u2019une efficacit\u00e9 maximale.<\/p>\n<div class=\"advantages\">\n<div class=\"col-sm-7 bodytext mt-4\">\n<h3>AVANTAGES<\/h3>\n<div class=\"list-style\">\n<ul>\n<li>Qualit\u00e9 IWK \u00e9prouv\u00e9e depuis des d\u00e9cennies<\/li>\n<li>Excellente accessibilit\u00e9 de tous les c\u00f4t\u00e9s<\/li>\n<li>S\u00e9curit\u00e9 de processus maximale gr\u00e2ce \u00e0 la technologie servocommand\u00e9e<\/li>\n<li>Utilisation optimale de l\u2019espace gr\u00e2ce \u00e0 l\u2019agencement flexible des stations de travail<\/li>\n<li>Syst\u00e8me de transport robuste et extr\u00eamement pr\u00e9cis gr\u00e2ce au r\u00e9glage de hauteur automatique<\/li>\n<li>Cha\u00eene de transport non extensible<\/li>\n<li>Positionnement exact des tubes dans les stations de travail<\/li>\n<\/ul>\n<\/div>\n<\/div>\n<div class=\"col-sm-9\">\n<div class=\"slideshow-container\">\n<div class=\"mySlides fade\">\n<img decoding=\"async\" src=\"https:\/\/iwk.de\/wp-content\/uploads\/sites\/22\/2021\/01\/FP-46-2-Gesamtmaschine_ret-1.jpg\" style=\"width:100%\" \/>\n<\/div>\n<div class=\"mySlides fade\">\n<img decoding=\"async\" src=\"https:\/\/iwk.de\/wp-content\/uploads\/sites\/22\/2021\/01\/Line-TZ-201_FP-46-2_SC4_retuschiert-1.jpg\" style=\"width:100%\" \/>\n<\/div>\n<div class=\"mySlides fade\">\n<img decoding=\"async\" src=\"https:\/\/iwk.de\/wp-content\/uploads\/sites\/22\/2021\/01\/MG_7756_ret-1.jpg\" style=\"width:100%\" \/>\n<\/div>\n<div class=\"mySlides fade\">\n<img decoding=\"async\" src=\"https:\/\/iwk.de\/wp-content\/uploads\/sites\/22\/2021\/01\/MG_9646-2-1.jpg\" style=\"width:100%\" \/>\n<\/div>\n<p><a class=\"prev\" onclick=\"plusSlides(-1)\">&#10094;<\/a><br \/>\n<a class=\"next\" onclick=\"plusSlides(1)\">&#10095;<\/a>\n<\/div>\n<\/div>\n<\/div>\n<\/div>\n<section class=\"techData\">\n<div class=\"home-main row\">\n<h3>DONN\u00c9ES TECHNIQUES<\/h3>\n<table class=\"table\">\n<thead>\n<tr>\n<th>TYPE<\/th>\n<th>FP 34-2<\/th>\n<th>FP 46-2<\/th>\n<\/tr>\n<\/thead>\n<tbody>\n<tr>\n<td>Cadence max. (tubes\/min)<\/td>\n<td>220<\/td>\n<td>220<\/td>\n<\/tr>\n<tr>\n<td>Nombre de porte-tubes<\/td>\n<td>34<\/td>\n<td>46<\/td>\n<\/tr>\n<tr>\n<td>Nombre de t\u00eates de remplissage<\/td>\n<td>2<\/td>\n<td>2<\/td>\n<\/tr>\n<tr>\n<td>\u00f8 des tubes en plastique et lamin\u00e9s (mm)<\/td>\n<td>10 \u2013 63,5<\/td>\n<td>10 \u2013 63,5<\/td>\n<\/tr>\n<tr>\n<td>\u00f8 tubes m\u00e9talliques (mm)<\/td>\n<td>10 \u2013 50<\/td>\n<td>10 \u2013 50<\/td>\n<\/tr>\n<tr>\n<td>Longueur de tube (mm)<\/td>\n<td>60 \u2013 250<\/td>\n<td>60 \u2013 250<\/td>\n<\/tr>\n<tr>\n<td>Volume (ml)<\/td>\n<td>1,5 \u2013 700<\/td>\n<td>1,5 \u2013 700<\/td>\n<\/tr>\n<tr>\n<td colspan=\"3\">Surface de base r\u00e9duite, accessibilit\u00e9 maximale, conception conforme aux BPF<\/td>\n<\/tr>\n<\/tbody>\n<\/table>\n<\/div>\n<\/section>\n<div class=\"home-main row\">\n<h3>APPLICATIONS<\/h3>\n<p><strong>Produits:<\/strong><br \/>\ndentifrices, cr\u00e8mes adh\u00e9sives dentaires, pommades pharmaceutiques, cr\u00e8mes, gels, shampoings, colorations capillaires, colles, colorants, silicone, ketchup, mayonnaise, moutarde, margarine<\/p>\n<p><strong>Mat\u00e9riau du tube:<\/strong><br \/>\naluminium, aluminium lamin\u00e9, PE, PE lamin\u00e9, Koex<\/p>\n<p><strong>Formes de tube:<\/strong><br \/>\ncylindrique (trou europ\u00e9en, soudure courb\u00e9e), ovale, conique, distributeur (mise en place de pistons), tube de mascara, cartouche, creuset, tube en plastique \u00ab Tottle \u00bb (mise en place de couvercles)<\/p>\n<\/div>\n<div class=\"home-main row\">\n<a href=\"https:\/\/iwk.de\/fr\/machines\/\" class=\"backLink\"> RETOUR <\/a>\n<\/div>\n","protected":false},"excerpt":{"rendered":"<p>Remplisseuse de tubes FP 34-2\/46-2 (jusqu\u2019\u00e0 220 tubes\/min) La flexibilit\u00e9, les performances et l\u2019ergonomie ont constitu\u00e9 des crit\u00e8res de d\u00e9veloppement essentiels pour la nouvelle gamme de remplisseuses de tubes FP d\u2019IWK. Comme toutes les machines d\u2019IWK Verpackungstechnik GmbH, cette g\u00e9n\u00e9ration de remplisseuses de tubes se caract\u00e9rise par sa pr\u00e9cision, une technologie de commande et d\u2019entra\u00eenement&#8230;<\/p>\n<div class=\"post-button\"><a href=\"https:\/\/iwk.de\/fr\/produits-et-solutions\/machines\/remplisseuse-de-tubes-fp-34-2-46-2-jusqua-220-tubes-min\/\">Read More<\/a><\/div>\n","protected":false},"author":63,"featured_media":2309,"parent":2982,"menu_order":0,"comment_status":"closed","ping_status":"closed","template":"page-templates\/machinetwo.php","meta":{"inline_featured_image":false,"footnotes":""},"class_list":["post-3136","page","type-page","status-publish","has-post-thumbnail","hentry"],"yoast_head":"<!-- This site is optimized with the Yoast SEO Premium plugin v26.8 (Yoast SEO v26.8) - https:\/\/yoast.com\/product\/yoast-seo-premium-wordpress\/ -->\n<title>Remplisseuse de tubes FP 34-2\/46-2 (jusqu\u2019\u00e0 220 tubes\/min) - Innovative And Customized Manufacturing Solutions<\/title>\n<meta name=\"robots\" content=\"index, follow, max-snippet:-1, max-image-preview:large, max-video-preview:-1\" \/>\n<link rel=\"canonical\" href=\"https:\/\/iwk.de\/fr\/produits-et-solutions\/machines\/remplisseuse-de-tubes-fp-34-2-46-2-jusqua-220-tubes-min\/\" \/>\n<meta property=\"og:locale\" content=\"fr_FR\" \/>\n<meta property=\"og:type\" content=\"article\" \/>\n<meta property=\"og:title\" content=\"Remplisseuse de tubes FP 34-2\/46-2 (jusqu\u2019\u00e0 220 tubes\/min)\" \/>\n<meta property=\"og:description\" content=\"Remplisseuse de tubes FP 34-2\/46-2 (jusqu\u2019\u00e0 220 tubes\/min) La flexibilit\u00e9, les performances et l\u2019ergonomie ont constitu\u00e9 des crit\u00e8res de d\u00e9veloppement essentiels pour la nouvelle gamme de remplisseuses de tubes FP d\u2019IWK. Comme toutes les machines d\u2019IWK Verpackungstechnik GmbH, cette g\u00e9n\u00e9ration de remplisseuses de tubes se caract\u00e9rise par sa pr\u00e9cision, une technologie de commande et d\u2019entra\u00eenement...Read More\" \/>\n<meta property=\"og:url\" content=\"https:\/\/iwk.de\/fr\/produits-et-solutions\/machines\/remplisseuse-de-tubes-fp-34-2-46-2-jusqua-220-tubes-min\/\" \/>\n<meta property=\"og:site_name\" content=\"Innovative And Customized Manufacturing Solutions\" \/>\n<meta property=\"article:modified_time\" content=\"2021-03-17T15:34:42+00:00\" \/>\n<meta property=\"og:image\" content=\"https:\/\/iwk.de\/wp-content\/uploads\/sites\/22\/2021\/01\/tube-infeed.jpg\" \/>\n\t<meta property=\"og:image:width\" content=\"1899\" \/>\n\t<meta property=\"og:image:height\" content=\"726\" \/>\n\t<meta property=\"og:image:type\" content=\"image\/jpeg\" \/>\n<meta name=\"twitter:card\" content=\"summary_large_image\" \/>\n<meta name=\"twitter:label1\" content=\"Dur\u00e9e de lecture estim\u00e9e\" \/>\n\t<meta name=\"twitter:data1\" content=\"1 minute\" \/>\n<script type=\"application\/ld+json\" class=\"yoast-schema-graph\">{\"@context\":\"https:\/\/schema.org\",\"@graph\":[{\"@type\":\"WebPage\",\"@id\":\"https:\/\/iwk.de\/fr\/produits-et-solutions\/machines\/remplisseuse-de-tubes-fp-34-2-46-2-jusqua-220-tubes-min\/\",\"url\":\"https:\/\/iwk.de\/fr\/produits-et-solutions\/machines\/remplisseuse-de-tubes-fp-34-2-46-2-jusqua-220-tubes-min\/\",\"name\":\"Remplisseuse de tubes FP 34-2\/46-2 (jusqu\u2019\u00e0 220 tubes\/min) - Innovative And Customized Manufacturing Solutions\",\"isPartOf\":{\"@id\":\"https:\/\/iwk.de\/#website\"},\"primaryImageOfPage\":{\"@id\":\"https:\/\/iwk.de\/fr\/produits-et-solutions\/machines\/remplisseuse-de-tubes-fp-34-2-46-2-jusqua-220-tubes-min\/#primaryimage\"},\"image\":{\"@id\":\"https:\/\/iwk.de\/fr\/produits-et-solutions\/machines\/remplisseuse-de-tubes-fp-34-2-46-2-jusqua-220-tubes-min\/#primaryimage\"},\"thumbnailUrl\":\"https:\/\/iwk.de\/wp-content\/uploads\/sites\/22\/2021\/01\/tube-infeed.jpg\",\"datePublished\":\"2021-01-18T10:47:14+00:00\",\"dateModified\":\"2021-03-17T15:34:42+00:00\",\"breadcrumb\":{\"@id\":\"https:\/\/iwk.de\/fr\/produits-et-solutions\/machines\/remplisseuse-de-tubes-fp-34-2-46-2-jusqua-220-tubes-min\/#breadcrumb\"},\"inLanguage\":\"fr-FR\",\"potentialAction\":[{\"@type\":\"ReadAction\",\"target\":[\"https:\/\/iwk.de\/fr\/produits-et-solutions\/machines\/remplisseuse-de-tubes-fp-34-2-46-2-jusqua-220-tubes-min\/\"]}]},{\"@type\":\"ImageObject\",\"inLanguage\":\"fr-FR\",\"@id\":\"https:\/\/iwk.de\/fr\/produits-et-solutions\/machines\/remplisseuse-de-tubes-fp-34-2-46-2-jusqua-220-tubes-min\/#primaryimage\",\"url\":\"https:\/\/iwk.de\/wp-content\/uploads\/sites\/22\/2021\/01\/tube-infeed.jpg\",\"contentUrl\":\"https:\/\/iwk.de\/wp-content\/uploads\/sites\/22\/2021\/01\/tube-infeed.jpg\",\"width\":1899,\"height\":726},{\"@type\":\"BreadcrumbList\",\"@id\":\"https:\/\/iwk.de\/fr\/produits-et-solutions\/machines\/remplisseuse-de-tubes-fp-34-2-46-2-jusqua-220-tubes-min\/#breadcrumb\",\"itemListElement\":[{\"@type\":\"ListItem\",\"position\":1,\"name\":\"HOME\",\"item\":\"https:\/\/iwk.de\/fr\/home-fr\/\"},{\"@type\":\"ListItem\",\"position\":2,\"name\":\"PRODUITS ET SOLUTIONS\",\"item\":\"https:\/\/iwk.de\/fr\/produits-et-solutions\/\"},{\"@type\":\"ListItem\",\"position\":3,\"name\":\"MACHINES\",\"item\":\"https:\/\/iwk.de\/fr\/produits-et-solutions\/machines\/\"},{\"@type\":\"ListItem\",\"position\":4,\"name\":\"Remplisseuse de tubes FP 34-2\/46-2 (jusqu\u2019\u00e0 220 tubes\/min)\"}]},{\"@type\":\"WebSite\",\"@id\":\"https:\/\/iwk.de\/#website\",\"url\":\"https:\/\/iwk.de\/\",\"name\":\"Innovative And Customized Manufacturing Solutions\",\"description\":\"\",\"publisher\":{\"@id\":\"https:\/\/iwk.de\/#organization\"},\"potentialAction\":[{\"@type\":\"SearchAction\",\"target\":{\"@type\":\"EntryPoint\",\"urlTemplate\":\"https:\/\/iwk.de\/?s={search_term_string}\"},\"query-input\":{\"@type\":\"PropertyValueSpecification\",\"valueRequired\":true,\"valueName\":\"search_term_string\"}}],\"inLanguage\":\"fr-FR\"},{\"@type\":\"Organization\",\"@id\":\"https:\/\/iwk.de\/#organization\",\"name\":\"Innovative And Customized Manufacturing Solutions\",\"url\":\"https:\/\/iwk.de\/\",\"logo\":{\"@type\":\"ImageObject\",\"inLanguage\":\"fr-FR\",\"@id\":\"https:\/\/iwk.de\/#\/schema\/logo\/image\/\",\"url\":\"https:\/\/iwk.de\/wp-content\/uploads\/sites\/22\/2023\/02\/LOGO_IWK_4c_Size_2.png\",\"contentUrl\":\"https:\/\/iwk.de\/wp-content\/uploads\/sites\/22\/2023\/02\/LOGO_IWK_4c_Size_2.png\",\"width\":238,\"height\":137,\"caption\":\"Innovative And Customized Manufacturing Solutions\"},\"image\":{\"@id\":\"https:\/\/iwk.de\/#\/schema\/logo\/image\/\"}}]}<\/script>\n<!-- \/ Yoast SEO Premium plugin. -->","yoast_head_json":{"title":"Remplisseuse de tubes FP 34-2\/46-2 (jusqu\u2019\u00e0 220 tubes\/min) - Innovative And Customized Manufacturing Solutions","robots":{"index":"index","follow":"follow","max-snippet":"max-snippet:-1","max-image-preview":"max-image-preview:large","max-video-preview":"max-video-preview:-1"},"canonical":"https:\/\/iwk.de\/fr\/produits-et-solutions\/machines\/remplisseuse-de-tubes-fp-34-2-46-2-jusqua-220-tubes-min\/","og_locale":"fr_FR","og_type":"article","og_title":"Remplisseuse de tubes FP 34-2\/46-2 (jusqu\u2019\u00e0 220 tubes\/min)","og_description":"Remplisseuse de tubes FP 34-2\/46-2 (jusqu\u2019\u00e0 220 tubes\/min) La flexibilit\u00e9, les performances et l\u2019ergonomie ont constitu\u00e9 des crit\u00e8res de d\u00e9veloppement essentiels pour la nouvelle gamme de remplisseuses de tubes FP d\u2019IWK. Comme toutes les machines d\u2019IWK Verpackungstechnik GmbH, cette g\u00e9n\u00e9ration de remplisseuses de tubes se caract\u00e9rise par sa pr\u00e9cision, une technologie de commande et d\u2019entra\u00eenement...Read More","og_url":"https:\/\/iwk.de\/fr\/produits-et-solutions\/machines\/remplisseuse-de-tubes-fp-34-2-46-2-jusqua-220-tubes-min\/","og_site_name":"Innovative And Customized Manufacturing Solutions","article_modified_time":"2021-03-17T15:34:42+00:00","og_image":[{"width":1899,"height":726,"url":"https:\/\/iwk.de\/wp-content\/uploads\/sites\/22\/2021\/01\/tube-infeed.jpg","type":"image\/jpeg"}],"twitter_card":"summary_large_image","twitter_misc":{"Dur\u00e9e de lecture estim\u00e9e":"1 minute"},"schema":{"@context":"https:\/\/schema.org","@graph":[{"@type":"WebPage","@id":"https:\/\/iwk.de\/fr\/produits-et-solutions\/machines\/remplisseuse-de-tubes-fp-34-2-46-2-jusqua-220-tubes-min\/","url":"https:\/\/iwk.de\/fr\/produits-et-solutions\/machines\/remplisseuse-de-tubes-fp-34-2-46-2-jusqua-220-tubes-min\/","name":"Remplisseuse de tubes FP 34-2\/46-2 (jusqu\u2019\u00e0 220 tubes\/min) - Innovative And Customized Manufacturing Solutions","isPartOf":{"@id":"https:\/\/iwk.de\/#website"},"primaryImageOfPage":{"@id":"https:\/\/iwk.de\/fr\/produits-et-solutions\/machines\/remplisseuse-de-tubes-fp-34-2-46-2-jusqua-220-tubes-min\/#primaryimage"},"image":{"@id":"https:\/\/iwk.de\/fr\/produits-et-solutions\/machines\/remplisseuse-de-tubes-fp-34-2-46-2-jusqua-220-tubes-min\/#primaryimage"},"thumbnailUrl":"https:\/\/iwk.de\/wp-content\/uploads\/sites\/22\/2021\/01\/tube-infeed.jpg","datePublished":"2021-01-18T10:47:14+00:00","dateModified":"2021-03-17T15:34:42+00:00","breadcrumb":{"@id":"https:\/\/iwk.de\/fr\/produits-et-solutions\/machines\/remplisseuse-de-tubes-fp-34-2-46-2-jusqua-220-tubes-min\/#breadcrumb"},"inLanguage":"fr-FR","potentialAction":[{"@type":"ReadAction","target":["https:\/\/iwk.de\/fr\/produits-et-solutions\/machines\/remplisseuse-de-tubes-fp-34-2-46-2-jusqua-220-tubes-min\/"]}]},{"@type":"ImageObject","inLanguage":"fr-FR","@id":"https:\/\/iwk.de\/fr\/produits-et-solutions\/machines\/remplisseuse-de-tubes-fp-34-2-46-2-jusqua-220-tubes-min\/#primaryimage","url":"https:\/\/iwk.de\/wp-content\/uploads\/sites\/22\/2021\/01\/tube-infeed.jpg","contentUrl":"https:\/\/iwk.de\/wp-content\/uploads\/sites\/22\/2021\/01\/tube-infeed.jpg","width":1899,"height":726},{"@type":"BreadcrumbList","@id":"https:\/\/iwk.de\/fr\/produits-et-solutions\/machines\/remplisseuse-de-tubes-fp-34-2-46-2-jusqua-220-tubes-min\/#breadcrumb","itemListElement":[{"@type":"ListItem","position":1,"name":"HOME","item":"https:\/\/iwk.de\/fr\/home-fr\/"},{"@type":"ListItem","position":2,"name":"PRODUITS ET SOLUTIONS","item":"https:\/\/iwk.de\/fr\/produits-et-solutions\/"},{"@type":"ListItem","position":3,"name":"MACHINES","item":"https:\/\/iwk.de\/fr\/produits-et-solutions\/machines\/"},{"@type":"ListItem","position":4,"name":"Remplisseuse de tubes FP 34-2\/46-2 (jusqu\u2019\u00e0 220 tubes\/min)"}]},{"@type":"WebSite","@id":"https:\/\/iwk.de\/#website","url":"https:\/\/iwk.de\/","name":"Innovative And Customized Manufacturing Solutions","description":"","publisher":{"@id":"https:\/\/iwk.de\/#organization"},"potentialAction":[{"@type":"SearchAction","target":{"@type":"EntryPoint","urlTemplate":"https:\/\/iwk.de\/?s={search_term_string}"},"query-input":{"@type":"PropertyValueSpecification","valueRequired":true,"valueName":"search_term_string"}}],"inLanguage":"fr-FR"},{"@type":"Organization","@id":"https:\/\/iwk.de\/#organization","name":"Innovative And Customized Manufacturing Solutions","url":"https:\/\/iwk.de\/","logo":{"@type":"ImageObject","inLanguage":"fr-FR","@id":"https:\/\/iwk.de\/#\/schema\/logo\/image\/","url":"https:\/\/iwk.de\/wp-content\/uploads\/sites\/22\/2023\/02\/LOGO_IWK_4c_Size_2.png","contentUrl":"https:\/\/iwk.de\/wp-content\/uploads\/sites\/22\/2023\/02\/LOGO_IWK_4c_Size_2.png","width":238,"height":137,"caption":"Innovative And Customized Manufacturing Solutions"},"image":{"@id":"https:\/\/iwk.de\/#\/schema\/logo\/image\/"}}]}},"jetpack_sharing_enabled":true,"_links":{"self":[{"href":"https:\/\/iwk.de\/fr\/wp-json\/wp\/v2\/pages\/3136","targetHints":{"allow":["GET"]}}],"collection":[{"href":"https:\/\/iwk.de\/fr\/wp-json\/wp\/v2\/pages"}],"about":[{"href":"https:\/\/iwk.de\/fr\/wp-json\/wp\/v2\/types\/page"}],"author":[{"embeddable":true,"href":"https:\/\/iwk.de\/fr\/wp-json\/wp\/v2\/users\/63"}],"replies":[{"embeddable":true,"href":"https:\/\/iwk.de\/fr\/wp-json\/wp\/v2\/comments?post=3136"}],"version-history":[{"count":5,"href":"https:\/\/iwk.de\/fr\/wp-json\/wp\/v2\/pages\/3136\/revisions"}],"predecessor-version":[{"id":5888,"href":"https:\/\/iwk.de\/fr\/wp-json\/wp\/v2\/pages\/3136\/revisions\/5888"}],"up":[{"embeddable":true,"href":"https:\/\/iwk.de\/fr\/wp-json\/wp\/v2\/pages\/2982"}],"wp:featuredmedia":[{"embeddable":true,"href":"https:\/\/iwk.de\/fr\/wp-json\/wp\/v2\/media\/2309"}],"wp:attachment":[{"href":"https:\/\/iwk.de\/fr\/wp-json\/wp\/v2\/media?parent=3136"}],"curies":[{"name":"wp","href":"https:\/\/api.w.org\/{rel}","templated":true}]}}