{"id":3620,"date":"2021-01-18T12:24:47","date_gmt":"2021-01-18T12:24:47","guid":{"rendered":"https:\/\/iwk.de\/?page_id=3620"},"modified":"2021-03-17T17:02:26","modified_gmt":"2021-03-17T17:02:26","slug":"encartonneuse-horizontale-hc-5-jusqua-200-etuis-min2","status":"publish","type":"page","link":"https:\/\/iwk.de\/fr\/produits-et-solutions\/machines\/encartonneuse-horizontale-hc-5-jusqua-200-etuis-min2\/","title":{"rendered":"Encartonneuse horizontale HC 5 (jusqu\u2019\u00e0 200 \u00e9tuis\/min)"},"content":{"rendered":"<div class=\"home-main row\"><span><span><a href=\"https:\/\/iwk.de\/fr\/home-fr\/\">HOME<\/a><\/span><\/span><\/p>\n<h2>Encartonneuse horizontale HC 5<br \/>\n(jusqu\u2019\u00e0 200 \u00e9tuis\/min)<\/h2>\n<p>La HC 5 est notre derni\u00e8re innovation dans le domaine des encartonneuses compactes. Elle a \u00e9t\u00e9 sp\u00e9cialement con\u00e7ue pour des applications dans l\u2019industrie pharmaceutique et cosm\u00e9tique pour des cadences faibles et moyennes jusqu\u2019\u00e0 200 \u00e9tuis\/min.<\/p>\n<p>La machine offre une accessibilit\u00e9 optimale de tous les c\u00f4t\u00e9s gr\u00e2ce \u00e0 une conception ing\u00e9nieuse.<\/p>\n<p>Comme pour toutes les machines IWK, un changement de format rapide est garanti.<\/p>\n<p>Cette encartonneuse permet d\u2019emballer \u00e0 moindre co\u00fbt des produits courants tels que des tubes, des bouteilles ou des blisters. Sa conception modulaire permet l\u2019ajout ult\u00e9rieur de fonctions suppl\u00e9mentaires, assurant ainsi une adaptation rapide aux diff\u00e9rents processus d\u2019emballage.<\/p>\n<div class=\"advantages\">\n<div class=\"col-sm-7 bodytext mt-4\">\n<h3>AVANTAGES<\/h3>\n<div class=\"list-style\">\n<ul>\n<li>Entra\u00eenement principal \u00e0 courroie discret<\/li>\n<li>Concept d\u2019entra\u00eenement moderne avec des servomoteurs distincts au niveau de chaque transfert<\/li>\n<li>Bonne accessibilit\u00e9 et visibilit\u00e9 de toutes les stations gr\u00e2ce \u00e0 de grandes vitres\/portes de tous les c\u00f4t\u00e9s, acc\u00e8s suppl\u00e9mentaire par l\u2019arri\u00e8re de la machine \u2192 visibilit\u00e9 optimale et d\u00e9pannage plus rapide<\/li>\n<li>Vide de cha\u00eene<\/li>\n<li>Bras d\u2019aspiration oppos\u00e9 sur le cyclo\u00efde de d\u00e9pilage d\u2019\u00e9tuis pour les \u00e9tuis sensibles<\/li>\n<li>Encombrement r\u00e9duit et profil plus \u00e9troit<\/li>\n<li>Petites plages de pivotement des portes et de l\u2019armoire \u00e9lectrique<\/li>\n<li>Dimension&nbsp;B minimale de 15&nbsp;mm<\/li>\n<li>Grande surface de d\u00e9p\u00f4t des \u00e9tuis dans le compartiment \u00e0 \u00e9tuis (1&nbsp;000&nbsp;mm)<\/li>\n<li>Cha\u00eene d\u2019\u00e9tuis robuste<\/li>\n<li>Nettoyage facile gr\u00e2ce \u00e0 un rail de recouvrement ferm\u00e9<\/li>\n<\/ul>\n<\/div>\n<\/div>\n<div class=\"col-sm-9\">\n<div class=\"slideshow-container\">\n<div class=\"mySlides fade\">\n<img decoding=\"async\" src=\"https:\/\/iwk.de\/wp-content\/uploads\/sites\/22\/2021\/01\/HC5_1.jpg\" style=\"width:100%\" \/>\n<\/div>\n<div class=\"mySlides fade\">\n<img decoding=\"async\" src=\"https:\/\/iwk.de\/wp-content\/uploads\/sites\/22\/2021\/01\/HC5_2.jpg\" style=\"width:100%\" \/>\n<\/div>\n<div class=\"mySlides fade\">\n<img decoding=\"async\" src=\"https:\/\/iwk.de\/wp-content\/uploads\/sites\/22\/2021\/01\/HC5_3.jpg\" style=\"width:100%\" \/>\n<\/div>\n<div class=\"mySlides fade\">\n<img decoding=\"async\" src=\"https:\/\/iwk.de\/wp-content\/uploads\/sites\/22\/2021\/01\/IWK-Cartoner-HC5.jpg\" style=\"width:100%\" \/>\n<\/div>\n<div class=\"mySlides fade\">\n<img decoding=\"async\" src=\"https:\/\/iwk.de\/wp-content\/uploads\/sites\/22\/2021\/01\/MG_3064.jpg\" style=\"width:100%\" \/>\n<\/div>\n<div class=\"mySlides fade\">\n<img decoding=\"async\" src=\"https:\/\/iwk.de\/wp-content\/uploads\/sites\/22\/2021\/01\/MG_3073.jpg\" style=\"width:100%\" \/>\n<\/div>\n<p><a class=\"prev\" onclick=\"plusSlides(-1)\">&#10094;<\/a><br \/>\n<a class=\"next\" onclick=\"plusSlides(1)\">&#10095;<\/a>\n<\/div>\n<\/div>\n<\/div>\n<\/div>\n<section class=\"techData\">\n<div class=\"home-main row\">\n<h3>DONN\u00c9ES TECHNIQUES<\/h3>\n<table class=\"table\">\n<thead>\n<tr>\n<th>TYPE<\/th>\n<th>HC 5<\/th>\n<\/tr>\n<\/thead>\n<tbody>\n<tr>\n<td>Mode de travail<\/td>\n<td>Permanent<\/td>\n<\/tr>\n<tr>\n<td>Plage de format (mm)<br \/>\n(3 cha\u00eenes de carton)<\/td>\n<td>A: 20-105<br \/>\nB: 15-  70<br \/>\nH: 55-180<\/td>\n<\/tr>\n<tr>\n<td>Plage de format (mm)<br \/>\n(4 cha\u00eenes de carton)<\/td>\n<td>A: 20-105<br \/>\nB: 15- 70<br \/>\nH: 80-220<\/td>\n<\/tr>\n<tr>\n<td>Cadence max. (cartons\/min)<\/td>\n<td>200<\/td>\n<\/tr>\n<\/tbody>\n<\/table>\n<\/div>\n<\/section>\n<div class=\"home-main row\">\n<h2>APPLICATIONS<\/h2>\n<p>Les encartonneuses IWK sont principalement utilis\u00e9es pour la mise en carton de produits de l\u2019industrie pharmaceutique et cosm\u00e9tique. Les produits peuvent \u00eatre emball\u00e9s avec une notice dans des \u00e9tuis.<\/p>\n<p><strong>Alimentations automatiques de produit:<\/strong><\/p>\n<div class=\"list-style\">\n<ul>\n<li>Tubes<\/li>\n<li>Blisters<\/li>\n<li>Flacons<\/li>\n<li>Bouteilles<\/li>\n<\/ul>\n<\/div>\n<h2>QUALIT\u00c9S DE CARTON\/D\u2019\u00c9TUI<\/h2>\n<p>Sur les encartonneuses IWK, il est possible de traiter des qualit\u00e9s conformes \u00e0 la norme DIN 53121 avec des grammages de papier allant de 250 \u00e0 500 g\/m\u00b2 ; il est \u00e9galement possible d\u2019avoir recours \u00e0 des qualit\u00e9s papier recycl\u00e9. Les dimensions et tol\u00e9rances de l\u2019\u00e9tui pr\u00e9coll\u00e9 doivent \u00eatre conformes \u00e0 la norme DIN 55222.\n<\/p><\/div>\n<div class=\"home-main row\">\n<a href=\"https:\/\/iwk.de\/fr\/machines\/\" class=\"backLink\"> RETOUR <\/a>\n<\/div>\n","protected":false},"excerpt":{"rendered":"<p>Encartonneuse horizontale HC 5 (jusqu\u2019\u00e0 200 \u00e9tuis\/min) La HC 5 est notre derni\u00e8re innovation dans le domaine des encartonneuses compactes. Elle a \u00e9t\u00e9 sp\u00e9cialement con\u00e7ue pour des applications dans l\u2019industrie pharmaceutique et cosm\u00e9tique pour des cadences faibles et moyennes jusqu\u2019\u00e0 200 \u00e9tuis\/min. La machine offre une accessibilit\u00e9 optimale de tous les c\u00f4t\u00e9s gr\u00e2ce \u00e0 une&#8230;<\/p>\n<div class=\"post-button\"><a href=\"https:\/\/iwk.de\/fr\/produits-et-solutions\/machines\/encartonneuse-horizontale-hc-5-jusqua-200-etuis-min2\/\">Read More<\/a><\/div>\n","protected":false},"author":63,"featured_media":2313,"parent":2982,"menu_order":0,"comment_status":"closed","ping_status":"closed","template":"page-templates\/machinefour.php","meta":{"inline_featured_image":false,"footnotes":""},"class_list":["post-3620","page","type-page","status-publish","has-post-thumbnail","hentry"],"yoast_head":"<!-- This site is optimized with the Yoast SEO Premium plugin v26.8 (Yoast SEO v26.8) - https:\/\/yoast.com\/product\/yoast-seo-premium-wordpress\/ -->\n<title>Encartonneuse horizontale HC 5 (jusqu\u2019\u00e0 200 \u00e9tuis\/min) - Innovative And Customized Manufacturing Solutions<\/title>\n<meta name=\"robots\" content=\"index, follow, max-snippet:-1, max-image-preview:large, max-video-preview:-1\" \/>\n<link rel=\"canonical\" href=\"https:\/\/iwk.de\/fr\/produits-et-solutions\/machines\/encartonneuse-horizontale-hc-5-jusqua-200-etuis-min2\/\" \/>\n<meta property=\"og:locale\" content=\"fr_FR\" \/>\n<meta property=\"og:type\" content=\"article\" \/>\n<meta property=\"og:title\" content=\"Encartonneuse horizontale HC 5 (jusqu\u2019\u00e0 200 \u00e9tuis\/min)\" \/>\n<meta property=\"og:description\" content=\"Encartonneuse horizontale HC 5 (jusqu\u2019\u00e0 200 \u00e9tuis\/min) La HC 5 est notre derni\u00e8re innovation dans le domaine des encartonneuses compactes. Elle a \u00e9t\u00e9 sp\u00e9cialement con\u00e7ue pour des applications dans l\u2019industrie pharmaceutique et cosm\u00e9tique pour des cadences faibles et moyennes jusqu\u2019\u00e0 200 \u00e9tuis\/min. La machine offre une accessibilit\u00e9 optimale de tous les c\u00f4t\u00e9s gr\u00e2ce \u00e0 une...Read More\" \/>\n<meta property=\"og:url\" content=\"https:\/\/iwk.de\/fr\/produits-et-solutions\/machines\/encartonneuse-horizontale-hc-5-jusqua-200-etuis-min2\/\" \/>\n<meta property=\"og:site_name\" content=\"Innovative And Customized Manufacturing Solutions\" \/>\n<meta property=\"article:modified_time\" content=\"2021-03-17T17:02:26+00:00\" \/>\n<meta property=\"og:image\" content=\"https:\/\/iwk.de\/wp-content\/uploads\/sites\/22\/2021\/01\/KARTONIERER.jpg\" \/>\n\t<meta property=\"og:image:width\" content=\"1896\" \/>\n\t<meta property=\"og:image:height\" content=\"726\" \/>\n\t<meta property=\"og:image:type\" content=\"image\/jpeg\" \/>\n<meta name=\"twitter:card\" content=\"summary_large_image\" \/>\n<meta name=\"twitter:label1\" content=\"Dur\u00e9e de lecture estim\u00e9e\" \/>\n\t<meta name=\"twitter:data1\" content=\"2 minutes\" \/>\n<script type=\"application\/ld+json\" class=\"yoast-schema-graph\">{\"@context\":\"https:\/\/schema.org\",\"@graph\":[{\"@type\":\"WebPage\",\"@id\":\"https:\/\/iwk.de\/fr\/produits-et-solutions\/machines\/encartonneuse-horizontale-hc-5-jusqua-200-etuis-min2\/\",\"url\":\"https:\/\/iwk.de\/fr\/produits-et-solutions\/machines\/encartonneuse-horizontale-hc-5-jusqua-200-etuis-min2\/\",\"name\":\"Encartonneuse horizontale HC 5 (jusqu\u2019\u00e0 200 \u00e9tuis\/min) - Innovative And Customized Manufacturing Solutions\",\"isPartOf\":{\"@id\":\"https:\/\/iwk.de\/#website\"},\"primaryImageOfPage\":{\"@id\":\"https:\/\/iwk.de\/fr\/produits-et-solutions\/machines\/encartonneuse-horizontale-hc-5-jusqua-200-etuis-min2\/#primaryimage\"},\"image\":{\"@id\":\"https:\/\/iwk.de\/fr\/produits-et-solutions\/machines\/encartonneuse-horizontale-hc-5-jusqua-200-etuis-min2\/#primaryimage\"},\"thumbnailUrl\":\"https:\/\/iwk.de\/wp-content\/uploads\/sites\/22\/2021\/01\/KARTONIERER.jpg\",\"datePublished\":\"2021-01-18T12:24:47+00:00\",\"dateModified\":\"2021-03-17T17:02:26+00:00\",\"breadcrumb\":{\"@id\":\"https:\/\/iwk.de\/fr\/produits-et-solutions\/machines\/encartonneuse-horizontale-hc-5-jusqua-200-etuis-min2\/#breadcrumb\"},\"inLanguage\":\"fr-FR\",\"potentialAction\":[{\"@type\":\"ReadAction\",\"target\":[\"https:\/\/iwk.de\/fr\/produits-et-solutions\/machines\/encartonneuse-horizontale-hc-5-jusqua-200-etuis-min2\/\"]}]},{\"@type\":\"ImageObject\",\"inLanguage\":\"fr-FR\",\"@id\":\"https:\/\/iwk.de\/fr\/produits-et-solutions\/machines\/encartonneuse-horizontale-hc-5-jusqua-200-etuis-min2\/#primaryimage\",\"url\":\"https:\/\/iwk.de\/wp-content\/uploads\/sites\/22\/2021\/01\/KARTONIERER.jpg\",\"contentUrl\":\"https:\/\/iwk.de\/wp-content\/uploads\/sites\/22\/2021\/01\/KARTONIERER.jpg\",\"width\":1896,\"height\":726},{\"@type\":\"BreadcrumbList\",\"@id\":\"https:\/\/iwk.de\/fr\/produits-et-solutions\/machines\/encartonneuse-horizontale-hc-5-jusqua-200-etuis-min2\/#breadcrumb\",\"itemListElement\":[{\"@type\":\"ListItem\",\"position\":1,\"name\":\"HOME\",\"item\":\"https:\/\/iwk.de\/fr\/home-fr\/\"},{\"@type\":\"ListItem\",\"position\":2,\"name\":\"PRODUITS ET SOLUTIONS\",\"item\":\"https:\/\/iwk.de\/fr\/produits-et-solutions\/\"},{\"@type\":\"ListItem\",\"position\":3,\"name\":\"MACHINES\",\"item\":\"https:\/\/iwk.de\/fr\/produits-et-solutions\/machines\/\"},{\"@type\":\"ListItem\",\"position\":4,\"name\":\"Encartonneuse horizontale HC 5 (jusqu\u2019\u00e0 200 \u00e9tuis\/min)\"}]},{\"@type\":\"WebSite\",\"@id\":\"https:\/\/iwk.de\/#website\",\"url\":\"https:\/\/iwk.de\/\",\"name\":\"Innovative And Customized Manufacturing Solutions\",\"description\":\"\",\"publisher\":{\"@id\":\"https:\/\/iwk.de\/#organization\"},\"potentialAction\":[{\"@type\":\"SearchAction\",\"target\":{\"@type\":\"EntryPoint\",\"urlTemplate\":\"https:\/\/iwk.de\/?s={search_term_string}\"},\"query-input\":{\"@type\":\"PropertyValueSpecification\",\"valueRequired\":true,\"valueName\":\"search_term_string\"}}],\"inLanguage\":\"fr-FR\"},{\"@type\":\"Organization\",\"@id\":\"https:\/\/iwk.de\/#organization\",\"name\":\"Innovative And Customized Manufacturing Solutions\",\"url\":\"https:\/\/iwk.de\/\",\"logo\":{\"@type\":\"ImageObject\",\"inLanguage\":\"fr-FR\",\"@id\":\"https:\/\/iwk.de\/#\/schema\/logo\/image\/\",\"url\":\"https:\/\/iwk.de\/wp-content\/uploads\/sites\/22\/2023\/02\/LOGO_IWK_4c_Size_2.png\",\"contentUrl\":\"https:\/\/iwk.de\/wp-content\/uploads\/sites\/22\/2023\/02\/LOGO_IWK_4c_Size_2.png\",\"width\":238,\"height\":137,\"caption\":\"Innovative And Customized Manufacturing Solutions\"},\"image\":{\"@id\":\"https:\/\/iwk.de\/#\/schema\/logo\/image\/\"}}]}<\/script>\n<!-- \/ Yoast SEO Premium plugin. -->","yoast_head_json":{"title":"Encartonneuse horizontale HC 5 (jusqu\u2019\u00e0 200 \u00e9tuis\/min) - Innovative And Customized Manufacturing Solutions","robots":{"index":"index","follow":"follow","max-snippet":"max-snippet:-1","max-image-preview":"max-image-preview:large","max-video-preview":"max-video-preview:-1"},"canonical":"https:\/\/iwk.de\/fr\/produits-et-solutions\/machines\/encartonneuse-horizontale-hc-5-jusqua-200-etuis-min2\/","og_locale":"fr_FR","og_type":"article","og_title":"Encartonneuse horizontale HC 5 (jusqu\u2019\u00e0 200 \u00e9tuis\/min)","og_description":"Encartonneuse horizontale HC 5 (jusqu\u2019\u00e0 200 \u00e9tuis\/min) La HC 5 est notre derni\u00e8re innovation dans le domaine des encartonneuses compactes. Elle a \u00e9t\u00e9 sp\u00e9cialement con\u00e7ue pour des applications dans l\u2019industrie pharmaceutique et cosm\u00e9tique pour des cadences faibles et moyennes jusqu\u2019\u00e0 200 \u00e9tuis\/min. La machine offre une accessibilit\u00e9 optimale de tous les c\u00f4t\u00e9s gr\u00e2ce \u00e0 une...Read More","og_url":"https:\/\/iwk.de\/fr\/produits-et-solutions\/machines\/encartonneuse-horizontale-hc-5-jusqua-200-etuis-min2\/","og_site_name":"Innovative And Customized Manufacturing Solutions","article_modified_time":"2021-03-17T17:02:26+00:00","og_image":[{"width":1896,"height":726,"url":"https:\/\/iwk.de\/wp-content\/uploads\/sites\/22\/2021\/01\/KARTONIERER.jpg","type":"image\/jpeg"}],"twitter_card":"summary_large_image","twitter_misc":{"Dur\u00e9e de lecture estim\u00e9e":"2 minutes"},"schema":{"@context":"https:\/\/schema.org","@graph":[{"@type":"WebPage","@id":"https:\/\/iwk.de\/fr\/produits-et-solutions\/machines\/encartonneuse-horizontale-hc-5-jusqua-200-etuis-min2\/","url":"https:\/\/iwk.de\/fr\/produits-et-solutions\/machines\/encartonneuse-horizontale-hc-5-jusqua-200-etuis-min2\/","name":"Encartonneuse horizontale HC 5 (jusqu\u2019\u00e0 200 \u00e9tuis\/min) - Innovative And Customized Manufacturing Solutions","isPartOf":{"@id":"https:\/\/iwk.de\/#website"},"primaryImageOfPage":{"@id":"https:\/\/iwk.de\/fr\/produits-et-solutions\/machines\/encartonneuse-horizontale-hc-5-jusqua-200-etuis-min2\/#primaryimage"},"image":{"@id":"https:\/\/iwk.de\/fr\/produits-et-solutions\/machines\/encartonneuse-horizontale-hc-5-jusqua-200-etuis-min2\/#primaryimage"},"thumbnailUrl":"https:\/\/iwk.de\/wp-content\/uploads\/sites\/22\/2021\/01\/KARTONIERER.jpg","datePublished":"2021-01-18T12:24:47+00:00","dateModified":"2021-03-17T17:02:26+00:00","breadcrumb":{"@id":"https:\/\/iwk.de\/fr\/produits-et-solutions\/machines\/encartonneuse-horizontale-hc-5-jusqua-200-etuis-min2\/#breadcrumb"},"inLanguage":"fr-FR","potentialAction":[{"@type":"ReadAction","target":["https:\/\/iwk.de\/fr\/produits-et-solutions\/machines\/encartonneuse-horizontale-hc-5-jusqua-200-etuis-min2\/"]}]},{"@type":"ImageObject","inLanguage":"fr-FR","@id":"https:\/\/iwk.de\/fr\/produits-et-solutions\/machines\/encartonneuse-horizontale-hc-5-jusqua-200-etuis-min2\/#primaryimage","url":"https:\/\/iwk.de\/wp-content\/uploads\/sites\/22\/2021\/01\/KARTONIERER.jpg","contentUrl":"https:\/\/iwk.de\/wp-content\/uploads\/sites\/22\/2021\/01\/KARTONIERER.jpg","width":1896,"height":726},{"@type":"BreadcrumbList","@id":"https:\/\/iwk.de\/fr\/produits-et-solutions\/machines\/encartonneuse-horizontale-hc-5-jusqua-200-etuis-min2\/#breadcrumb","itemListElement":[{"@type":"ListItem","position":1,"name":"HOME","item":"https:\/\/iwk.de\/fr\/home-fr\/"},{"@type":"ListItem","position":2,"name":"PRODUITS ET SOLUTIONS","item":"https:\/\/iwk.de\/fr\/produits-et-solutions\/"},{"@type":"ListItem","position":3,"name":"MACHINES","item":"https:\/\/iwk.de\/fr\/produits-et-solutions\/machines\/"},{"@type":"ListItem","position":4,"name":"Encartonneuse horizontale HC 5 (jusqu\u2019\u00e0 200 \u00e9tuis\/min)"}]},{"@type":"WebSite","@id":"https:\/\/iwk.de\/#website","url":"https:\/\/iwk.de\/","name":"Innovative And Customized Manufacturing Solutions","description":"","publisher":{"@id":"https:\/\/iwk.de\/#organization"},"potentialAction":[{"@type":"SearchAction","target":{"@type":"EntryPoint","urlTemplate":"https:\/\/iwk.de\/?s={search_term_string}"},"query-input":{"@type":"PropertyValueSpecification","valueRequired":true,"valueName":"search_term_string"}}],"inLanguage":"fr-FR"},{"@type":"Organization","@id":"https:\/\/iwk.de\/#organization","name":"Innovative And Customized Manufacturing Solutions","url":"https:\/\/iwk.de\/","logo":{"@type":"ImageObject","inLanguage":"fr-FR","@id":"https:\/\/iwk.de\/#\/schema\/logo\/image\/","url":"https:\/\/iwk.de\/wp-content\/uploads\/sites\/22\/2023\/02\/LOGO_IWK_4c_Size_2.png","contentUrl":"https:\/\/iwk.de\/wp-content\/uploads\/sites\/22\/2023\/02\/LOGO_IWK_4c_Size_2.png","width":238,"height":137,"caption":"Innovative And Customized Manufacturing Solutions"},"image":{"@id":"https:\/\/iwk.de\/#\/schema\/logo\/image\/"}}]}},"jetpack_sharing_enabled":true,"_links":{"self":[{"href":"https:\/\/iwk.de\/fr\/wp-json\/wp\/v2\/pages\/3620","targetHints":{"allow":["GET"]}}],"collection":[{"href":"https:\/\/iwk.de\/fr\/wp-json\/wp\/v2\/pages"}],"about":[{"href":"https:\/\/iwk.de\/fr\/wp-json\/wp\/v2\/types\/page"}],"author":[{"embeddable":true,"href":"https:\/\/iwk.de\/fr\/wp-json\/wp\/v2\/users\/63"}],"replies":[{"embeddable":true,"href":"https:\/\/iwk.de\/fr\/wp-json\/wp\/v2\/comments?post=3620"}],"version-history":[{"count":5,"href":"https:\/\/iwk.de\/fr\/wp-json\/wp\/v2\/pages\/3620\/revisions"}],"predecessor-version":[{"id":5929,"href":"https:\/\/iwk.de\/fr\/wp-json\/wp\/v2\/pages\/3620\/revisions\/5929"}],"up":[{"embeddable":true,"href":"https:\/\/iwk.de\/fr\/wp-json\/wp\/v2\/pages\/2982"}],"wp:featuredmedia":[{"embeddable":true,"href":"https:\/\/iwk.de\/fr\/wp-json\/wp\/v2\/media\/2313"}],"wp:attachment":[{"href":"https:\/\/iwk.de\/fr\/wp-json\/wp\/v2\/media?parent=3620"}],"curies":[{"name":"wp","href":"https:\/\/api.w.org\/{rel}","templated":true}]}}