{"id":8174,"date":"2021-10-04T10:23:42","date_gmt":"2021-10-04T10:23:42","guid":{"rendered":"https:\/\/iwk.de\/?page_id=8174"},"modified":"2021-11-19T10:08:19","modified_gmt":"2021-11-19T10:08:19","slug":"topload-encartonneuse-iwk-tl","status":"publish","type":"page","link":"https:\/\/iwk.de\/fr\/produits-et-solutions\/machines\/topload-encartonneuse-iwk-tl\/","title":{"rendered":"Topload encartonneuse IWK TL"},"content":{"rendered":"<div class=\"home-main row\"><span><span><a href=\"https:\/\/iwk.de\/fr\/home-fr\/\">HOME<\/a><\/span><\/span><br \/>\n<img decoding=\"async\" class=\"alignnone size-medium wp-image-8013\" style=\"height: 6px; width: 70%; margin-top: 30px;\" src=\"https:\/\/iwk.de\/wp-content\/uploads\/sites\/22\/2021\/10\/GRAPHICS-IWK_color_gradient_bar.png?w=300\" alt=\"\" width=\"70%\" height=\"6px\" srcset=\"https:\/\/iwk.de\/wp-content\/uploads\/sites\/22\/2021\/10\/GRAPHICS-IWK_color_gradient_bar.png 1584w, https:\/\/iwk.de\/wp-content\/uploads\/sites\/22\/2021\/10\/GRAPHICS-IWK_color_gradient_bar.png?resize=300,6 300w, https:\/\/iwk.de\/wp-content\/uploads\/sites\/22\/2021\/10\/GRAPHICS-IWK_color_gradient_bar.png?resize=768,16 768w, https:\/\/iwk.de\/wp-content\/uploads\/sites\/22\/2021\/10\/GRAPHICS-IWK_color_gradient_bar.png?resize=1024,22 1024w, https:\/\/iwk.de\/wp-content\/uploads\/sites\/22\/2021\/10\/GRAPHICS-IWK_color_gradient_bar.png?resize=1536,33 1536w, https:\/\/iwk.de\/wp-content\/uploads\/sites\/22\/2021\/10\/GRAPHICS-IWK_color_gradient_bar.png?resize=700,15 700w\" sizes=\"(max-width: 1584px) 100vw, 1584px\" \/><\/p>\n<div class=\"machineMixedHeader\">\n<h4 class=\"newMachineHeader\">Topload encartonneuse IWK TL<\/h4>\n<h1 class=\"newMachineHeader\">UNE MERVEILLE DE L\u2019EMBALLAGE POUR LES EXIGENCES LES PLUS \u00c9LEV\u00c9ES<\/h1>\n<\/div>\n<p><b class=\"blueAdvantage\">L&rsquo;individualit\u00e9 a besoin d&rsquo;intelligence.<\/b><br \/>\nUne manipulation particuli\u00e8rement douce est indispensable pour emballer des m\u00e9dicaments ou des technologies m\u00e9dicales. Une v\u00e9ritable concentration des produits exige toutefois un grand degr\u00e9 de flexibilit\u00e9 des machines dans le processus d&#8217;emballage. Des exigences aussi sp\u00e9cifiques demandent une technologie personnalis\u00e9e et performante. Notre solution : IWK TOPLOADER TL. Ce qui distingue cette encartonneuse intelligente, c&rsquo;est sa capacit\u00e9 de s&rsquo;adapter aux diff\u00e9rentes processus et applications.<\/p>\n<\/div>\n<div class=\"home-main row\">\n<div class=\"slideshow-container-new\">\n<div class=\"mySlides fade\"><img decoding=\"async\" style=\"width: 100%\" src=\"https:\/\/iwk.de\/wp-content\/uploads\/sites\/22\/2021\/10\/TOPLOADER-Slider_Content_001.jpg\" \/><\/div>\n<div class=\"mySlides fade\"><img decoding=\"async\" style=\"width: 100%\" src=\"https:\/\/iwk.de\/wp-content\/uploads\/sites\/22\/2021\/10\/TOPLOADER-Slider_Content_002.jpg\" \/><\/div>\n<div class=\"mySlides fade\"><img decoding=\"async\" style=\"width: 100%\" src=\"https:\/\/iwk.de\/wp-content\/uploads\/sites\/22\/2021\/10\/TOPLOADER-Slider_Content_003.jpg\" \/><\/div>\n<div class=\"mySlides fade\"><img decoding=\"async\" style=\"width: 100%\" src=\"https:\/\/iwk.de\/wp-content\/uploads\/sites\/22\/2021\/10\/TOPLOADER-Slider_Content_005.jpg\" \/><\/div>\n<div class=\"mySlides fade\"><img decoding=\"async\" style=\"width: 100%\" src=\"https:\/\/iwk.de\/wp-content\/uploads\/sites\/22\/2021\/10\/TOPLOADER-Slider_Content_004.jpg\" \/><\/div>\n<div class=\"mySlides fade\"><img decoding=\"async\" style=\"width: 100%\" src=\"https:\/\/iwk.de\/wp-content\/uploads\/sites\/22\/2021\/10\/TOPLOADER-Slider_Content_006.jpg\" \/><\/div>\n<div class=\"mySlides fade\"><img decoding=\"async\" style=\"width: 100%\" src=\"https:\/\/iwk.de\/wp-content\/uploads\/sites\/22\/2021\/10\/TOPLOADER-Slider_Content_007.jpg\" \/><\/div>\n<p><a class=\"prevNew\" onclick=\"plusSlides(-1)\">\u276e<\/a><br \/>\n<a class=\"nextNew\" onclick=\"plusSlides(1)\">\u276f<\/a><\/p>\n<\/div>\n<\/div>\n<section class=\"techData\">\n<div class=\"home-main row\">\n<h1 class=\"newMachineHeader\">PRINCIPAUX AVANTAGES DE L&rsquo;IWK TOPLOADER TL<\/h1>\n<p><b class=\"blueAdvantage\">Economique.<\/b> L&rsquo;IWK TL offre la s\u00e9curit\u00e9 des processus et une manipulation douce.<br \/>\n<b class=\"blueAdvantage\">Modulaire.<\/b> L&rsquo;IWK TL peut \u00eatre configur\u00e9 et \u00e9tendu de mani\u00e8re flexible.<br \/>\n<b class=\"blueAdvantage\">Ecologique.<\/b> Des mat\u00e9riaux d&#8217;emballage durables peuvent \u00eatre utilis\u00e9s.<br \/>\n<b class=\"blueAdvantage\">Confortable.<\/b> L&rsquo;IWK TL offre un changement de format sans outil et en grande partie enti\u00e8rement automatique.<br \/>\n<b class=\"blueAdvantage\">Compact.<\/b> Emballage flexible dans des espaces restreints (construction compacte).<\/p>\n<h4 class=\"newMachineHeader\">AUTRES ATOUTS<\/h4>\n<div class=\"list-style\">\n<ul>\n<li>Bonne accessibilit\u00e9 et visibilit\u00e9 des deux c\u00f4t\u00e9s<\/li>\n<li>Nettoyage facile et rapide et un d\u00e9gagement de ligne, par exemple gr\u00e2ce \u00e0 la conception du plateau<\/li>\n<li>Un syst\u00e8me de transport adaptatif, intelligent et lin\u00e9aire<\/li>\n<li>La technologie \u00abTrack &amp; Trace\u00bb est possible sans unit\u00e9 s\u00e9par\u00e9e<\/li>\n<li>Une utilisation intuitive gr\u00e2ce \u00e0 l&rsquo;\u00e9cran tactile central avec visualisation 3D<\/li>\n<li>\u00c9tiquetage du produit, contr\u00f4les et une balance int\u00e9gr\u00e9e \u00e0 l&rsquo;int\u00e9rieur de la machine<\/li>\n<li>Pour diverses applications d\u2019emballage (seringues, auto-injecteurs, applicateurs, dispositifs de diagnostic, inhalateurs, flacons, ampoules)<\/li>\n<li>Un investissement s\u00fbr dans une encartonneuse robuste et durable.<\/li>\n<\/ul>\n<\/div>\n<\/div>\n<div class=\"home-main row\">\n<div class=\"machineMixedHeader\">\n<h4 class=\"newMachineHeader\">LIVE VIDEO<\/h4>\n<h1 class=\"newMachineHeader\">L&rsquo;ENCARTONNEUSE INTELLIGENTE DANS L\u2019INDUSTRIE PHARMACEUTIQUE.<\/h1>\n<\/div>\n<div class=\"video-wrapper\">\n<div class=\"cookieconsent-optout-marketing\">\n    Please <a href=\"javascript: Cookiebot.renew()\">accept marketing cookies<\/a> to view this content.\n<\/div>\n<p><iframe style=\"width: 100%; height: 100%; position: absolute; top: 0; left: 0;\" title=\"YouTube video player\" src=\"https:\/\/www.youtube-nocookie.com\/embed\/videoseries?list=PLL8WDpbfh11ixCFzpiavejvp_BUDApGNv\" frameborder=\"0\" allowfullscreen=\"allowfullscreen\"><\/iframe><\/div>\n<\/div>\n<\/section>\n<div class=\"home-main row\">\n<div class=\"machineMixedHeader\">\n<h4 class=\"newMachineHeader\">LE PROCESSUS D&rsquo;EMBALLAGE<\/h4>\n<h1 class=\"newMachineHeader\">LA PLUS GRANDE FLEXIBILIT\u00c9 ET EFFICACIT\u00c9<\/h1>\n<p><img decoding=\"async\" style=\"width: 100%\" src=\"https:\/\/iwk.de\/wp-content\/uploads\/sites\/22\/2021\/10\/TOPLOADER-Graphics_001-1.jpg\" \/><\/p>\n<\/div>\n<\/div>\n<section class=\"techData\">\n<div class=\"home-main row\">\n<h1 class=\"newMachineHeader\">DONN\u00c9ES TECHNIQUES<\/h1>\n<table class=\"table\">\n<thead>\n<tr>\n<th>TYP<\/th>\n<th>IWK TOPLOADER TL<\/th>\n<\/tr>\n<\/thead>\n<tbody>\n<tr>\n<td>Mode de travail<\/td>\n<td>Permanent\/cadenc\u00e9<br \/>\n(selon les exigences de l&rsquo;\u00e9tape du processus)<\/td>\n<\/tr>\n<tr>\n<td>Plage de format (mm) carton<\/td>\n<td>Longueur A: 90-180<br \/>\nLargeur B: 50-150<br \/>\nHauteur H: 15-80<\/td>\n<\/tr>\n<tr>\n<td>D\u00e9coupe (mm)<\/td>\n<td>Longueur: jusqu&rsquo;\u00e0 500<br \/>\nLargeur: jusqu&rsquo;\u00e0 440<\/td>\n<\/tr>\n<tr>\n<td><b>Autres formats sur demande<\/b><\/td>\n<\/tr>\n<tr>\n<td>Cadence max. (cartons\/min)<\/td>\n<td>180<br \/>\n(selon la taille du format, l&rsquo;\u00e9quipement de la machine et la qualit\u00e9 du mat\u00e9riau d&#8217;emballage)<\/td>\n<\/tr>\n<\/tbody>\n<\/table>\n<p><small>Sous r\u00e9serve de modifications techniques<\/small>\n<\/div>\n<\/section>\n<div class=\"home-main row\">[qcld_hero id=12]<\/p>\n<h1 class=\"newMachineHeader\">Applications<\/h1>\n<p>Les encartonneuses IWK sont principalement utilis\u00e9es pour la mise en carton de produits de l\u2019industrie pharmaceutique et cosm\u00e9tique. Les produits peuvent \u00eatre emball\u00e9s s\u00e9par\u00e9ment ou par lot avec une notice dans des \u00e9tuis.<\/p>\n<h4 class=\"newMachineHeader\">Produits (\u00e9galement en combinaisons):<\/h4>\n<div class=\"list-style\">\n<ul>\n<li>Tubes<\/li>\n<li>Blisters<\/li>\n<li>Flacons<\/li>\n<li>Ampoules<\/li>\n<li>Sacs, sachets, pochettes<\/li>\n<li>Bouteilles, plateaux<\/li>\n<li>Cuill\u00e8re<\/li>\n<li>Canules<\/li>\n<\/ul>\n<\/div>\n<h1 class=\"newMachineHeader\">QUALIT\u00c9S DE CARTON\/D\u2019\u00c9TUI:<\/h1>\n<p>Sur les encartonneuses IWK, il est possible de traiter des qualit\u00e9s conformes \u00e0 la norme DIN 53121 avec des grammages de papier allant de 250 \u00e0 500 g\/m\u00b2 ; il est \u00e9galement possible d\u2019avoir recours \u00e0 des qualit\u00e9s papier recycl\u00e9. Les dimensions et tol\u00e9rances de l\u2019\u00e9tui pr\u00e9coll\u00e9 doivent \u00eatre conformes \u00e0 la norme DIN 55222.<\/p>\n<\/div>\n","protected":false},"excerpt":{"rendered":"<p>Topload encartonneuse IWK TL UNE MERVEILLE DE L\u2019EMBALLAGE POUR LES EXIGENCES LES PLUS \u00c9LEV\u00c9ES L&rsquo;individualit\u00e9 a besoin d&rsquo;intelligence. Une manipulation particuli\u00e8rement douce est indispensable pour emballer des m\u00e9dicaments ou des technologies m\u00e9dicales. Une v\u00e9ritable concentration des produits exige toutefois un grand degr\u00e9 de flexibilit\u00e9 des machines dans le processus d&#8217;emballage. Des exigences aussi sp\u00e9cifiques demandent&#8230;<\/p>\n<div class=\"post-button\"><a href=\"https:\/\/iwk.de\/fr\/produits-et-solutions\/machines\/topload-encartonneuse-iwk-tl\/\">Read More<\/a><\/div>\n","protected":false},"author":108,"featured_media":8370,"parent":2982,"menu_order":0,"comment_status":"closed","ping_status":"closed","template":"page-templates\/machinefour.php","meta":{"inline_featured_image":false,"footnotes":""},"class_list":["post-8174","page","type-page","status-publish","has-post-thumbnail","hentry"],"yoast_head":"<!-- This site is optimized with the Yoast SEO Premium plugin v26.8 (Yoast SEO v26.8) - https:\/\/yoast.com\/product\/yoast-seo-premium-wordpress\/ -->\n<title>Topload encartonneuse IWK TL - Innovative And Customized Manufacturing Solutions<\/title>\n<meta name=\"robots\" content=\"index, follow, max-snippet:-1, max-image-preview:large, max-video-preview:-1\" \/>\n<link rel=\"canonical\" href=\"https:\/\/iwk.de\/fr\/produits-et-solutions\/machines\/topload-encartonneuse-iwk-tl\/\" \/>\n<meta property=\"og:locale\" content=\"fr_FR\" \/>\n<meta property=\"og:type\" content=\"article\" \/>\n<meta property=\"og:title\" content=\"Topload encartonneuse IWK TL\" \/>\n<meta property=\"og:description\" content=\"Topload encartonneuse IWK TL UNE MERVEILLE DE L\u2019EMBALLAGE POUR LES EXIGENCES LES PLUS \u00c9LEV\u00c9ES L&rsquo;individualit\u00e9 a besoin d&rsquo;intelligence. Une manipulation particuli\u00e8rement douce est indispensable pour emballer des m\u00e9dicaments ou des technologies m\u00e9dicales. Une v\u00e9ritable concentration des produits exige toutefois un grand degr\u00e9 de flexibilit\u00e9 des machines dans le processus d&#8217;emballage. Des exigences aussi sp\u00e9cifiques demandent...Read More\" \/>\n<meta property=\"og:url\" content=\"https:\/\/iwk.de\/fr\/produits-et-solutions\/machines\/topload-encartonneuse-iwk-tl\/\" \/>\n<meta property=\"og:site_name\" content=\"Innovative And Customized Manufacturing Solutions\" \/>\n<meta property=\"article:modified_time\" content=\"2021-11-19T10:08:19+00:00\" \/>\n<meta property=\"og:image\" content=\"https:\/\/iwk.de\/wp-content\/uploads\/sites\/22\/2021\/11\/IMG-HEADER_Toploader-1.jpg\" \/>\n\t<meta property=\"og:image:width\" content=\"3800\" \/>\n\t<meta property=\"og:image:height\" content=\"1600\" \/>\n\t<meta property=\"og:image:type\" content=\"image\/jpeg\" \/>\n<meta name=\"twitter:card\" content=\"summary_large_image\" \/>\n<meta name=\"twitter:label1\" content=\"Dur\u00e9e de lecture estim\u00e9e\" \/>\n\t<meta name=\"twitter:data1\" content=\"2 minutes\" \/>\n<script type=\"application\/ld+json\" class=\"yoast-schema-graph\">{\"@context\":\"https:\/\/schema.org\",\"@graph\":[{\"@type\":\"WebPage\",\"@id\":\"https:\/\/iwk.de\/fr\/produits-et-solutions\/machines\/topload-encartonneuse-iwk-tl\/\",\"url\":\"https:\/\/iwk.de\/fr\/produits-et-solutions\/machines\/topload-encartonneuse-iwk-tl\/\",\"name\":\"Topload encartonneuse IWK TL - Innovative And Customized Manufacturing Solutions\",\"isPartOf\":{\"@id\":\"https:\/\/iwk.de\/#website\"},\"primaryImageOfPage\":{\"@id\":\"https:\/\/iwk.de\/fr\/produits-et-solutions\/machines\/topload-encartonneuse-iwk-tl\/#primaryimage\"},\"image\":{\"@id\":\"https:\/\/iwk.de\/fr\/produits-et-solutions\/machines\/topload-encartonneuse-iwk-tl\/#primaryimage\"},\"thumbnailUrl\":\"https:\/\/iwk.de\/wp-content\/uploads\/sites\/22\/2021\/11\/IMG-HEADER_Toploader-1.jpg\",\"datePublished\":\"2021-10-04T10:23:42+00:00\",\"dateModified\":\"2021-11-19T10:08:19+00:00\",\"breadcrumb\":{\"@id\":\"https:\/\/iwk.de\/fr\/produits-et-solutions\/machines\/topload-encartonneuse-iwk-tl\/#breadcrumb\"},\"inLanguage\":\"fr-FR\",\"potentialAction\":[{\"@type\":\"ReadAction\",\"target\":[\"https:\/\/iwk.de\/fr\/produits-et-solutions\/machines\/topload-encartonneuse-iwk-tl\/\"]}]},{\"@type\":\"ImageObject\",\"inLanguage\":\"fr-FR\",\"@id\":\"https:\/\/iwk.de\/fr\/produits-et-solutions\/machines\/topload-encartonneuse-iwk-tl\/#primaryimage\",\"url\":\"https:\/\/iwk.de\/wp-content\/uploads\/sites\/22\/2021\/11\/IMG-HEADER_Toploader-1.jpg\",\"contentUrl\":\"https:\/\/iwk.de\/wp-content\/uploads\/sites\/22\/2021\/11\/IMG-HEADER_Toploader-1.jpg\",\"width\":3800,\"height\":1600},{\"@type\":\"BreadcrumbList\",\"@id\":\"https:\/\/iwk.de\/fr\/produits-et-solutions\/machines\/topload-encartonneuse-iwk-tl\/#breadcrumb\",\"itemListElement\":[{\"@type\":\"ListItem\",\"position\":1,\"name\":\"HOME\",\"item\":\"https:\/\/iwk.de\/fr\/home-fr\/\"},{\"@type\":\"ListItem\",\"position\":2,\"name\":\"PRODUITS ET SOLUTIONS\",\"item\":\"https:\/\/iwk.de\/fr\/produits-et-solutions\/\"},{\"@type\":\"ListItem\",\"position\":3,\"name\":\"MACHINES\",\"item\":\"https:\/\/iwk.de\/fr\/produits-et-solutions\/machines\/\"},{\"@type\":\"ListItem\",\"position\":4,\"name\":\"Topload encartonneuse IWK TL\"}]},{\"@type\":\"WebSite\",\"@id\":\"https:\/\/iwk.de\/#website\",\"url\":\"https:\/\/iwk.de\/\",\"name\":\"Innovative And Customized Manufacturing Solutions\",\"description\":\"\",\"publisher\":{\"@id\":\"https:\/\/iwk.de\/#organization\"},\"potentialAction\":[{\"@type\":\"SearchAction\",\"target\":{\"@type\":\"EntryPoint\",\"urlTemplate\":\"https:\/\/iwk.de\/?s={search_term_string}\"},\"query-input\":{\"@type\":\"PropertyValueSpecification\",\"valueRequired\":true,\"valueName\":\"search_term_string\"}}],\"inLanguage\":\"fr-FR\"},{\"@type\":\"Organization\",\"@id\":\"https:\/\/iwk.de\/#organization\",\"name\":\"Innovative And Customized Manufacturing Solutions\",\"url\":\"https:\/\/iwk.de\/\",\"logo\":{\"@type\":\"ImageObject\",\"inLanguage\":\"fr-FR\",\"@id\":\"https:\/\/iwk.de\/#\/schema\/logo\/image\/\",\"url\":\"https:\/\/iwk.de\/wp-content\/uploads\/sites\/22\/2023\/02\/LOGO_IWK_4c_Size_2.png\",\"contentUrl\":\"https:\/\/iwk.de\/wp-content\/uploads\/sites\/22\/2023\/02\/LOGO_IWK_4c_Size_2.png\",\"width\":238,\"height\":137,\"caption\":\"Innovative And Customized Manufacturing Solutions\"},\"image\":{\"@id\":\"https:\/\/iwk.de\/#\/schema\/logo\/image\/\"}}]}<\/script>\n<!-- \/ Yoast SEO Premium plugin. -->","yoast_head_json":{"title":"Topload encartonneuse IWK TL - Innovative And Customized Manufacturing Solutions","robots":{"index":"index","follow":"follow","max-snippet":"max-snippet:-1","max-image-preview":"max-image-preview:large","max-video-preview":"max-video-preview:-1"},"canonical":"https:\/\/iwk.de\/fr\/produits-et-solutions\/machines\/topload-encartonneuse-iwk-tl\/","og_locale":"fr_FR","og_type":"article","og_title":"Topload encartonneuse IWK TL","og_description":"Topload encartonneuse IWK TL UNE MERVEILLE DE L\u2019EMBALLAGE POUR LES EXIGENCES LES PLUS \u00c9LEV\u00c9ES L&rsquo;individualit\u00e9 a besoin d&rsquo;intelligence. Une manipulation particuli\u00e8rement douce est indispensable pour emballer des m\u00e9dicaments ou des technologies m\u00e9dicales. Une v\u00e9ritable concentration des produits exige toutefois un grand degr\u00e9 de flexibilit\u00e9 des machines dans le processus d&#8217;emballage. Des exigences aussi sp\u00e9cifiques demandent...Read More","og_url":"https:\/\/iwk.de\/fr\/produits-et-solutions\/machines\/topload-encartonneuse-iwk-tl\/","og_site_name":"Innovative And Customized Manufacturing Solutions","article_modified_time":"2021-11-19T10:08:19+00:00","og_image":[{"width":3800,"height":1600,"url":"https:\/\/iwk.de\/wp-content\/uploads\/sites\/22\/2021\/11\/IMG-HEADER_Toploader-1.jpg","type":"image\/jpeg"}],"twitter_card":"summary_large_image","twitter_misc":{"Dur\u00e9e de lecture estim\u00e9e":"2 minutes"},"schema":{"@context":"https:\/\/schema.org","@graph":[{"@type":"WebPage","@id":"https:\/\/iwk.de\/fr\/produits-et-solutions\/machines\/topload-encartonneuse-iwk-tl\/","url":"https:\/\/iwk.de\/fr\/produits-et-solutions\/machines\/topload-encartonneuse-iwk-tl\/","name":"Topload encartonneuse IWK TL - Innovative And Customized Manufacturing Solutions","isPartOf":{"@id":"https:\/\/iwk.de\/#website"},"primaryImageOfPage":{"@id":"https:\/\/iwk.de\/fr\/produits-et-solutions\/machines\/topload-encartonneuse-iwk-tl\/#primaryimage"},"image":{"@id":"https:\/\/iwk.de\/fr\/produits-et-solutions\/machines\/topload-encartonneuse-iwk-tl\/#primaryimage"},"thumbnailUrl":"https:\/\/iwk.de\/wp-content\/uploads\/sites\/22\/2021\/11\/IMG-HEADER_Toploader-1.jpg","datePublished":"2021-10-04T10:23:42+00:00","dateModified":"2021-11-19T10:08:19+00:00","breadcrumb":{"@id":"https:\/\/iwk.de\/fr\/produits-et-solutions\/machines\/topload-encartonneuse-iwk-tl\/#breadcrumb"},"inLanguage":"fr-FR","potentialAction":[{"@type":"ReadAction","target":["https:\/\/iwk.de\/fr\/produits-et-solutions\/machines\/topload-encartonneuse-iwk-tl\/"]}]},{"@type":"ImageObject","inLanguage":"fr-FR","@id":"https:\/\/iwk.de\/fr\/produits-et-solutions\/machines\/topload-encartonneuse-iwk-tl\/#primaryimage","url":"https:\/\/iwk.de\/wp-content\/uploads\/sites\/22\/2021\/11\/IMG-HEADER_Toploader-1.jpg","contentUrl":"https:\/\/iwk.de\/wp-content\/uploads\/sites\/22\/2021\/11\/IMG-HEADER_Toploader-1.jpg","width":3800,"height":1600},{"@type":"BreadcrumbList","@id":"https:\/\/iwk.de\/fr\/produits-et-solutions\/machines\/topload-encartonneuse-iwk-tl\/#breadcrumb","itemListElement":[{"@type":"ListItem","position":1,"name":"HOME","item":"https:\/\/iwk.de\/fr\/home-fr\/"},{"@type":"ListItem","position":2,"name":"PRODUITS ET SOLUTIONS","item":"https:\/\/iwk.de\/fr\/produits-et-solutions\/"},{"@type":"ListItem","position":3,"name":"MACHINES","item":"https:\/\/iwk.de\/fr\/produits-et-solutions\/machines\/"},{"@type":"ListItem","position":4,"name":"Topload encartonneuse IWK TL"}]},{"@type":"WebSite","@id":"https:\/\/iwk.de\/#website","url":"https:\/\/iwk.de\/","name":"Innovative And Customized Manufacturing Solutions","description":"","publisher":{"@id":"https:\/\/iwk.de\/#organization"},"potentialAction":[{"@type":"SearchAction","target":{"@type":"EntryPoint","urlTemplate":"https:\/\/iwk.de\/?s={search_term_string}"},"query-input":{"@type":"PropertyValueSpecification","valueRequired":true,"valueName":"search_term_string"}}],"inLanguage":"fr-FR"},{"@type":"Organization","@id":"https:\/\/iwk.de\/#organization","name":"Innovative And Customized Manufacturing Solutions","url":"https:\/\/iwk.de\/","logo":{"@type":"ImageObject","inLanguage":"fr-FR","@id":"https:\/\/iwk.de\/#\/schema\/logo\/image\/","url":"https:\/\/iwk.de\/wp-content\/uploads\/sites\/22\/2023\/02\/LOGO_IWK_4c_Size_2.png","contentUrl":"https:\/\/iwk.de\/wp-content\/uploads\/sites\/22\/2023\/02\/LOGO_IWK_4c_Size_2.png","width":238,"height":137,"caption":"Innovative And Customized Manufacturing Solutions"},"image":{"@id":"https:\/\/iwk.de\/#\/schema\/logo\/image\/"}}]}},"jetpack_sharing_enabled":true,"_links":{"self":[{"href":"https:\/\/iwk.de\/fr\/wp-json\/wp\/v2\/pages\/8174","targetHints":{"allow":["GET"]}}],"collection":[{"href":"https:\/\/iwk.de\/fr\/wp-json\/wp\/v2\/pages"}],"about":[{"href":"https:\/\/iwk.de\/fr\/wp-json\/wp\/v2\/types\/page"}],"author":[{"embeddable":true,"href":"https:\/\/iwk.de\/fr\/wp-json\/wp\/v2\/users\/108"}],"replies":[{"embeddable":true,"href":"https:\/\/iwk.de\/fr\/wp-json\/wp\/v2\/comments?post=8174"}],"version-history":[{"count":9,"href":"https:\/\/iwk.de\/fr\/wp-json\/wp\/v2\/pages\/8174\/revisions"}],"predecessor-version":[{"id":8461,"href":"https:\/\/iwk.de\/fr\/wp-json\/wp\/v2\/pages\/8174\/revisions\/8461"}],"up":[{"embeddable":true,"href":"https:\/\/iwk.de\/fr\/wp-json\/wp\/v2\/pages\/2982"}],"wp:featuredmedia":[{"embeddable":true,"href":"https:\/\/iwk.de\/fr\/wp-json\/wp\/v2\/media\/8370"}],"wp:attachment":[{"href":"https:\/\/iwk.de\/fr\/wp-json\/wp\/v2\/media?parent=8174"}],"curies":[{"name":"wp","href":"https:\/\/api.w.org\/{rel}","templated":true}]}}